{"id":1153,"date":"2024-04-04T14:53:15","date_gmt":"2024-04-04T14:53:15","guid":{"rendered":"https:\/\/besarkatuzhazten.rkinformatika.online\/?page_id=1153"},"modified":"2024-04-19T10:33:36","modified_gmt":"2024-04-19T10:33:36","slug":"tratamientos","status":"publish","type":"page","link":"https:\/\/besarkatuzhazten.com\/eus\/tratamientos\/","title":{"rendered":"Tratamenduak"},"content":{"rendered":"\t\t<div data-elementor-type=\"wp-page\" data-elementor-id=\"1153\" class=\"elementor elementor-1153\" data-elementor-post-type=\"page\">\n\t\t\t\t<div class=\"elementor-element elementor-element-12de5bc e-con-full e-flex e-con e-parent\" data-id=\"12de5bc\" data-element_type=\"container\" data-e-type=\"container\" data-settings=\"{&quot;background_background&quot;:&quot;classic&quot;,&quot;background_motion_fx_motion_fx_scrolling&quot;:&quot;yes&quot;,&quot;background_motion_fx_translateY_effect&quot;:&quot;yes&quot;,&quot;background_motion_fx_translateY_speed&quot;:{&quot;unit&quot;:&quot;px&quot;,&quot;size&quot;:4.4,&quot;sizes&quot;:[]},&quot;background_motion_fx_translateY_affectedRange&quot;:{&quot;unit&quot;:&quot;%&quot;,&quot;size&quot;:&quot;&quot;,&quot;sizes&quot;:{&quot;start&quot;:6,&quot;end&quot;:94}},&quot;background_motion_fx_devices&quot;:[&quot;desktop&quot;,&quot;tablet&quot;,&quot;mobile&quot;]}\">\n\t\t<div class=\"elementor-element elementor-element-0ba29ab e-flex e-con-boxed e-con e-child\" data-id=\"0ba29ab\" data-element_type=\"container\" data-e-type=\"container\">\n\t\t\t\t\t<div class=\"e-con-inner\">\n\t\t\t\t\t<\/div>\n\t\t\t\t<\/div>\n\t\t\t\t<\/div>\n\t\t<div class=\"elementor-element elementor-element-f2a0467 e-flex e-con-boxed elementor-invisible e-con e-parent\" data-id=\"f2a0467\" data-element_type=\"container\" data-e-type=\"container\" data-settings=\"{&quot;background_background&quot;:&quot;classic&quot;,&quot;animation&quot;:&quot;slideInRight&quot;}\">\n\t\t\t\t\t<div class=\"e-con-inner\">\n\t\t\t\t<div class=\"elementor-element elementor-element-acfa49a elementor-widget elementor-widget-heading\" data-id=\"acfa49a\" data-element_type=\"widget\" data-e-type=\"widget\" data-widget_type=\"heading.default\">\n\t\t\t\t<div class=\"elementor-widget-container\">\n\t\t\t\t\t<h2 class=\"elementor-heading-title elementor-size-default\">Descubre el tratamiento ideal para ti<\/h2>\t\t\t\t<\/div>\n\t\t\t\t<\/div>\n\t\t\t\t\t<\/div>\n\t\t\t\t<\/div>\n\t\t<div class=\"elementor-element elementor-element-59e567a e-flex e-con-boxed elementor-invisible e-con e-parent\" data-id=\"59e567a\" data-element_type=\"container\" data-e-type=\"container\" data-settings=\"{&quot;background_background&quot;:&quot;classic&quot;,&quot;animation&quot;:&quot;fadeInLeft&quot;}\">\n\t\t\t\t\t<div class=\"e-con-inner\">\n\t\t<div class=\"elementor-element elementor-element-b821f5e e-con-full e-flex e-con e-child\" data-id=\"b821f5e\" data-element_type=\"container\" data-e-type=\"container\">\n\t\t\t\t<div class=\"elementor-element elementor-element-356c2da elementor-invisible elementor-widget elementor-widget-image\" data-id=\"356c2da\" data-element_type=\"widget\" data-e-type=\"widget\" data-settings=\"{&quot;_animation&quot;:&quot;fadeIn&quot;}\" data-widget_type=\"image.default\">\n\t\t\t\t<div class=\"elementor-widget-container\">\n\t\t\t\t\t\t\t\t\t\t\t\t\t\t\t<img fetchpriority=\"high\" decoding=\"async\" width=\"800\" height=\"534\" src=\"https:\/\/besarkatuzhazten.com\/wp-content\/uploads\/2024\/03\/Terapiaa-Ane-Larranaga-Bengoa-1024x683.jpg\" class=\"attachment-large size-large wp-image-261\" alt=\"\" srcset=\"https:\/\/besarkatuzhazten.com\/wp-content\/uploads\/2024\/03\/Terapiaa-Ane-Larranaga-Bengoa-1024x683.jpg 1024w, https:\/\/besarkatuzhazten.com\/wp-content\/uploads\/2024\/03\/Terapiaa-Ane-Larranaga-Bengoa-300x200.jpg 300w, https:\/\/besarkatuzhazten.com\/wp-content\/uploads\/2024\/03\/Terapiaa-Ane-Larranaga-Bengoa-768x512.jpg 768w, https:\/\/besarkatuzhazten.com\/wp-content\/uploads\/2024\/03\/Terapiaa-Ane-Larranaga-Bengoa-1536x1024.jpg 1536w, https:\/\/besarkatuzhazten.com\/wp-content\/uploads\/2024\/03\/Terapiaa-Ane-Larranaga-Bengoa-2048x1365.jpg 2048w, https:\/\/besarkatuzhazten.com\/wp-content\/uploads\/2024\/03\/Terapiaa-Ane-Larranaga-Bengoa-18x12.jpg 18w\" sizes=\"(max-width: 800px) 100vw, 800px\" \/>\t\t\t\t\t\t\t\t\t\t\t\t\t\t\t<\/div>\n\t\t\t\t<\/div>\n\t\t\t\t<\/div>\n\t\t<div class=\"elementor-element elementor-element-a6b8945 e-con-full e-flex e-con e-child\" data-id=\"a6b8945\" data-element_type=\"container\" data-e-type=\"container\" data-settings=\"{&quot;background_background&quot;:&quot;classic&quot;}\">\n\t\t\t\t<div class=\"elementor-element elementor-element-ac7b687 elementor-widget elementor-widget-text-editor\" data-id=\"ac7b687\" data-element_type=\"widget\" data-e-type=\"widget\" data-widget_type=\"text-editor.default\">\n\t\t\t\t<div class=\"elementor-widget-container\">\n\t\t\t\t\t\t\t\t\t<h4><b>Terapia individual:<\/b><\/h4><p>Te ofrezco un espacio seguro y confidencial para que puedas explorar cuestiones personales, emocionales y\/o comportamentales (te explico un poco m\u00e1s sobre esto en el apartado inicio). Mi enfoque se centra en brindar apoyo personalizado, promoviendo la autoconciencia, la autoaceptaci\u00f3n y el desarrollo personal.<\/p>\t\t\t\t\t\t\t\t<\/div>\n\t\t\t\t<\/div>\n\t\t\t\t<\/div>\n\t\t\t\t\t<\/div>\n\t\t\t\t<\/div>\n\t\t<div class=\"elementor-element elementor-element-c7aaeef e-flex e-con-boxed elementor-invisible e-con e-parent\" data-id=\"c7aaeef\" data-element_type=\"container\" data-e-type=\"container\" data-settings=\"{&quot;animation&quot;:&quot;fadeInRight&quot;}\">\n\t\t\t\t\t<div class=\"e-con-inner\">\n\t\t<div class=\"elementor-element elementor-element-d056bea e-con-full e-flex e-con e-child\" data-id=\"d056bea\" data-element_type=\"container\" data-e-type=\"container\">\n\t\t\t\t<div class=\"elementor-element elementor-element-688020f elementor-invisible elementor-widget elementor-widget-image\" data-id=\"688020f\" data-element_type=\"widget\" data-e-type=\"widget\" data-settings=\"{&quot;_animation&quot;:&quot;fadeIn&quot;}\" data-widget_type=\"image.default\">\n\t\t\t\t<div class=\"elementor-widget-container\">\n\t\t\t\t\t\t\t\t\t\t\t\t\t\t\t<img decoding=\"async\" width=\"800\" height=\"532\" src=\"https:\/\/besarkatuzhazten.com\/wp-content\/uploads\/2024\/04\/familia-tiro-medio-discutiendo-terapeuta-1-1024x681-1.jpg\" class=\"attachment-large size-large wp-image-1578\" alt=\"\" srcset=\"https:\/\/besarkatuzhazten.com\/wp-content\/uploads\/2024\/04\/familia-tiro-medio-discutiendo-terapeuta-1-1024x681-1.jpg 1024w, https:\/\/besarkatuzhazten.com\/wp-content\/uploads\/2024\/04\/familia-tiro-medio-discutiendo-terapeuta-1-1024x681-1-300x200.jpg 300w, https:\/\/besarkatuzhazten.com\/wp-content\/uploads\/2024\/04\/familia-tiro-medio-discutiendo-terapeuta-1-1024x681-1-768x511.jpg 768w, https:\/\/besarkatuzhazten.com\/wp-content\/uploads\/2024\/04\/familia-tiro-medio-discutiendo-terapeuta-1-1024x681-1-18x12.jpg 18w\" sizes=\"(max-width: 800px) 100vw, 800px\" \/>\t\t\t\t\t\t\t\t\t\t\t\t\t\t\t<\/div>\n\t\t\t\t<\/div>\n\t\t\t\t<\/div>\n\t\t<div class=\"elementor-element elementor-element-8e9eb86 e-con-full e-flex e-con e-child\" data-id=\"8e9eb86\" data-element_type=\"container\" data-e-type=\"container\" data-settings=\"{&quot;background_background&quot;:&quot;classic&quot;}\">\n\t\t\t\t<div class=\"elementor-element elementor-element-ff28d23 elementor-widget elementor-widget-text-editor\" data-id=\"ff28d23\" data-element_type=\"widget\" data-e-type=\"widget\" data-widget_type=\"text-editor.default\">\n\t\t\t\t<div class=\"elementor-widget-container\">\n\t\t\t\t\t\t\t\t\t<h4><strong>Terapia familiar:<\/strong><\/h4><p>Estoy comprometida en ayudaros como familia a superar desaf\u00edos y fortalecer vuestros lazos. Trabajo con familias para mejorar la comunicaci\u00f3n, resolver conflictos, mejorar las din\u00e1micas familiares y promover un ambiente familiar saludable y acogedor. Mi enfoque es colaborativo, respetuoso y centrado en las necesidades y valores de vuestra familia.<\/p>\t\t\t\t\t\t\t\t<\/div>\n\t\t\t\t<\/div>\n\t\t\t\t<\/div>\n\t\t\t\t\t<\/div>\n\t\t\t\t<\/div>\n\t\t<div class=\"elementor-element elementor-element-7e26a9f e-flex e-con-boxed elementor-invisible e-con e-parent\" data-id=\"7e26a9f\" data-element_type=\"container\" data-e-type=\"container\" data-settings=\"{&quot;animation&quot;:&quot;fadeInLeft&quot;}\">\n\t\t\t\t\t<div class=\"e-con-inner\">\n\t\t<div class=\"elementor-element elementor-element-08cf302 e-con-full e-flex e-con e-child\" data-id=\"08cf302\" data-element_type=\"container\" data-e-type=\"container\">\n\t\t\t\t<div class=\"elementor-element elementor-element-0f394cf elementor-invisible elementor-widget elementor-widget-image\" data-id=\"0f394cf\" data-element_type=\"widget\" data-e-type=\"widget\" data-settings=\"{&quot;_animation&quot;:&quot;fadeIn&quot;}\" data-widget_type=\"image.default\">\n\t\t\t\t<div class=\"elementor-widget-container\">\n\t\t\t\t\t\t\t\t\t\t\t\t\t\t\t<img decoding=\"async\" width=\"800\" height=\"401\" src=\"https:\/\/besarkatuzhazten.com\/wp-content\/uploads\/2024\/03\/img_slide_Home02-AAEHVB6-1024x513.jpg\" class=\"attachment-large size-large wp-image-157\" alt=\"\" srcset=\"https:\/\/besarkatuzhazten.com\/wp-content\/uploads\/2024\/03\/img_slide_Home02-AAEHVB6-1024x513.jpg 1024w, https:\/\/besarkatuzhazten.com\/wp-content\/uploads\/2024\/03\/img_slide_Home02-AAEHVB6-300x150.jpg 300w, https:\/\/besarkatuzhazten.com\/wp-content\/uploads\/2024\/03\/img_slide_Home02-AAEHVB6-768x384.jpg 768w, https:\/\/besarkatuzhazten.com\/wp-content\/uploads\/2024\/03\/img_slide_Home02-AAEHVB6-1536x769.jpg 1536w, https:\/\/besarkatuzhazten.com\/wp-content\/uploads\/2024\/03\/img_slide_Home02-AAEHVB6-18x9.jpg 18w, https:\/\/besarkatuzhazten.com\/wp-content\/uploads\/2024\/03\/img_slide_Home02-AAEHVB6.jpg 1894w\" sizes=\"(max-width: 800px) 100vw, 800px\" \/>\t\t\t\t\t\t\t\t\t\t\t\t\t\t\t<\/div>\n\t\t\t\t<\/div>\n\t\t\t\t<\/div>\n\t\t<div class=\"elementor-element elementor-element-c91b5d9 e-con-full e-flex e-con e-child\" data-id=\"c91b5d9\" data-element_type=\"container\" data-e-type=\"container\" data-settings=\"{&quot;background_background&quot;:&quot;classic&quot;}\">\n\t\t\t\t<div class=\"elementor-element elementor-element-ee70465 elementor-widget elementor-widget-text-editor\" data-id=\"ee70465\" data-element_type=\"widget\" data-e-type=\"widget\" data-widget_type=\"text-editor.default\">\n\t\t\t\t<div class=\"elementor-widget-container\">\n\t\t\t\t\t\t\t\t\t<h4><strong>Terapia de Pareja:<\/strong><\/h4><p align=\"justify\"><span style=\"font-family: Times New Roman, serif;\"><span style=\"font-size: medium;\"><span style=\"color: #333333;\"><span style=\"font-family: Arial, serif;\">Mi enfoque es colaborativo y centrado en la pareja. Pondremos como objetivo fortalecer la comunicaci\u00f3n, promover la comprensi\u00f3n mutua y resolver los conflictos, pudiendo as\u00ed mejorar las din\u00e1micas dentro de la relaci\u00f3n. Ser\u00e9is vosotros quienes con el trabajo terap\u00e9utico podr\u00e9is tomar las decisiones que necesit\u00e9is para vuestra relaci\u00f3n. A veces, se necesita un mediador para poder poner orden en todo esto que est\u00e1 sucediendo. Mi objetivo es ayudaros a construir una relaci\u00f3n, resistentes y amorosas.<\/span><\/span><\/span><\/span><\/p>\t\t\t\t\t\t\t\t<\/div>\n\t\t\t\t<\/div>\n\t\t\t\t<\/div>\n\t\t\t\t\t<\/div>\n\t\t\t\t<\/div>\n\t\t<div class=\"elementor-element elementor-element-3facb1f e-flex e-con-boxed elementor-invisible e-con e-parent\" data-id=\"3facb1f\" data-element_type=\"container\" data-e-type=\"container\" data-settings=\"{&quot;animation&quot;:&quot;fadeInRight&quot;}\">\n\t\t\t\t\t<div class=\"e-con-inner\">\n\t\t<div class=\"elementor-element elementor-element-e7d6746 e-con-full e-flex e-con e-child\" data-id=\"e7d6746\" data-element_type=\"container\" data-e-type=\"container\">\n\t\t\t\t<div class=\"elementor-element elementor-element-5d54650 elementor-invisible elementor-widget elementor-widget-image\" data-id=\"5d54650\" data-element_type=\"widget\" data-e-type=\"widget\" data-settings=\"{&quot;_animation&quot;:&quot;fadeIn&quot;}\" data-widget_type=\"image.default\">\n\t\t\t\t<div class=\"elementor-widget-container\">\n\t\t\t\t\t\t\t\t\t\t\t\t\t\t\t<img loading=\"lazy\" decoding=\"async\" width=\"800\" height=\"534\" src=\"https:\/\/besarkatuzhazten.com\/wp-content\/uploads\/2024\/03\/Sexologia-Ane-Larranaga-Bengoa-1024x684.jpg\" class=\"attachment-large size-large wp-image-262\" alt=\"\" srcset=\"https:\/\/besarkatuzhazten.com\/wp-content\/uploads\/2024\/03\/Sexologia-Ane-Larranaga-Bengoa-1024x684.jpg 1024w, https:\/\/besarkatuzhazten.com\/wp-content\/uploads\/2024\/03\/Sexologia-Ane-Larranaga-Bengoa-300x200.jpg 300w, https:\/\/besarkatuzhazten.com\/wp-content\/uploads\/2024\/03\/Sexologia-Ane-Larranaga-Bengoa-768x513.jpg 768w, https:\/\/besarkatuzhazten.com\/wp-content\/uploads\/2024\/03\/Sexologia-Ane-Larranaga-Bengoa-1536x1025.jpg 1536w, https:\/\/besarkatuzhazten.com\/wp-content\/uploads\/2024\/03\/Sexologia-Ane-Larranaga-Bengoa-2048x1367.jpg 2048w, https:\/\/besarkatuzhazten.com\/wp-content\/uploads\/2024\/03\/Sexologia-Ane-Larranaga-Bengoa-18x12.jpg 18w\" sizes=\"(max-width: 800px) 100vw, 800px\" \/>\t\t\t\t\t\t\t\t\t\t\t\t\t\t\t<\/div>\n\t\t\t\t<\/div>\n\t\t\t\t<\/div>\n\t\t<div class=\"elementor-element elementor-element-a36c7a3 e-con-full e-flex e-con e-child\" data-id=\"a36c7a3\" data-element_type=\"container\" data-e-type=\"container\" data-settings=\"{&quot;background_background&quot;:&quot;classic&quot;}\">\n\t\t\t\t<div class=\"elementor-element elementor-element-be47568 elementor-widget elementor-widget-text-editor\" data-id=\"be47568\" data-element_type=\"widget\" data-e-type=\"widget\" data-widget_type=\"text-editor.default\">\n\t\t\t\t<div class=\"elementor-widget-container\">\n\t\t\t\t\t\t\t\t\t<h4><strong>Sexolog\u00eda:<\/strong><\/h4><p>Te ayudar\u00e9 en el camino de la comprensi\u00f3n y a explorar tu sexualidad de manera saludable y positiva.<\/p><p>Te puedo ayudar con la sexualidad, la identidad de g\u00e9nero y la intimidad.<\/p>\t\t\t\t\t\t\t\t<\/div>\n\t\t\t\t<\/div>\n\t\t\t\t<\/div>\n\t\t\t\t\t<\/div>\n\t\t\t\t<\/div>\n\t\t<div class=\"elementor-element elementor-element-9f5d953 e-flex e-con-boxed e-con e-parent\" data-id=\"9f5d953\" data-element_type=\"container\" data-e-type=\"container\">\n\t\t\t\t\t<div class=\"e-con-inner\">\n\t\t\t\t<div class=\"elementor-element elementor-element-3a3c367 elementor-widget elementor-widget-text-editor\" data-id=\"3a3c367\" data-element_type=\"widget\" data-e-type=\"widget\" data-widget_type=\"text-editor.default\">\n\t\t\t\t<div class=\"elementor-widget-container\">\n\t\t\t\t\t\t\t\t\t<h5><strong>\u00a1Te Lo Mereces!<\/strong><\/h5><h5>\u00danete a Besarkatuz hazten hoy mismo y comienza tu viaje hacia una mejor salud mental y bienestar emocional con nuestra terapia en l\u00ednea.<\/h5><p>Se te recibir\u00e1 con los brazos abiertos<\/p>\t\t\t\t\t\t\t\t<\/div>\n\t\t\t\t<\/div>\n\t\t\t\t<div class=\"elementor-element elementor-element-2c7d991 elementor-widget elementor-widget-button\" data-id=\"2c7d991\" data-element_type=\"widget\" data-e-type=\"widget\" data-widget_type=\"button.default\">\n\t\t\t\t<div class=\"elementor-widget-container\">\n\t\t\t\t\t\t\t\t\t<div class=\"elementor-button-wrapper\">\n\t\t\t\t\t<a class=\"elementor-button elementor-button-link elementor-size-sm\" href=\"https:\/\/besarkatuzhazten.com\/contacto\/\">\n\t\t\t\t\t\t<span class=\"elementor-button-content-wrapper\">\n\t\t\t\t\t\t\t\t\t<span class=\"elementor-button-text\">QUIERO UNA CITA<\/span>\n\t\t\t\t\t<\/span>\n\t\t\t\t\t<\/a>\n\t\t\t\t<\/div>\n\t\t\t\t\t\t\t\t<\/div>\n\t\t\t\t<\/div>\n\t\t\t\t\t<\/div>\n\t\t\t\t<\/div>\n\t\t<div class=\"elementor-element elementor-element-6163974 e-flex e-con-boxed e-con e-parent\" data-id=\"6163974\" data-element_type=\"container\" data-e-type=\"container\">\n\t\t\t\t\t<div class=\"e-con-inner\">\n\t\t\t\t<div class=\"elementor-element elementor-element-d0da09b elementor-widget elementor-widget-spacer\" data-id=\"d0da09b\" data-element_type=\"widget\" data-e-type=\"widget\" data-widget_type=\"spacer.default\">\n\t\t\t\t<div class=\"elementor-widget-container\">\n\t\t\t\t\t\t\t<div class=\"elementor-spacer\">\n\t\t\t<div class=\"elementor-spacer-inner\"><\/div>\n\t\t<\/div>\n\t\t\t\t\t\t<\/div>\n\t\t\t\t<\/div>\n\t\t\t\t\t<\/div>\n\t\t\t\t<\/div>\n\t\t\t\t<\/div>\n\t\t","protected":false},"excerpt":{"rendered":"<p>Descubre el tratamiento ideal para ti Terapia individual: Te ofrezco un espacio seguro y confidencial para que puedas explorar cuestiones personales, emocionales y\/o comportamentales (te explico un poco m\u00e1s sobre esto en el apartado inicio). Mi enfoque se centra en brindar apoyo personalizado, promoviendo la autoconciencia, la autoaceptaci\u00f3n y el desarrollo personal. Terapia familiar: Estoy [&hellip;]<\/p>\n","protected":false},"author":1,"featured_media":0,"parent":0,"menu_order":0,"comment_status":"closed","ping_status":"closed","template":"elementor_canvas","meta":{"footnotes":""},"class_list":["post-1153","page","type-page","status-publish","hentry"],"yoast_head":"<!-- This site is optimized with the Yoast SEO plugin v27.3 - https:\/\/yoast.com\/product\/yoast-seo-wordpress\/ -->\n<title>Tratamientos - Ane Larra\u00f1aga<\/title>\n<meta name=\"robots\" content=\"index, follow, max-snippet:-1, max-image-preview:large, max-video-preview:-1\" \/>\n<link rel=\"canonical\" href=\"https:\/\/besarkatuzhazten.com\/eus\/tratamientos\/\" \/>\n<meta property=\"og:locale\" content=\"en_US\" \/>\n<meta property=\"og:type\" content=\"article\" \/>\n<meta property=\"og:title\" content=\"Tratamientos - Ane Larra\u00f1aga\" \/>\n<meta property=\"og:description\" content=\"Descubre el tratamiento ideal para ti Terapia individual: Te ofrezco un espacio seguro y confidencial para que puedas explorar cuestiones personales, emocionales y\/o comportamentales (te explico un poco m\u00e1s sobre esto en el apartado inicio). Mi enfoque se centra en brindar apoyo personalizado, promoviendo la autoconciencia, la autoaceptaci\u00f3n y el desarrollo personal. Terapia familiar: Estoy [&hellip;]\" \/>\n<meta property=\"og:url\" content=\"https:\/\/besarkatuzhazten.com\/eus\/tratamientos\/\" \/>\n<meta property=\"og:site_name\" content=\"Ane Larra\u00f1aga\" \/>\n<meta property=\"article:modified_time\" content=\"2024-04-19T10:33:36+00:00\" \/>\n<meta property=\"og:image\" content=\"https:\/\/besarkatuzhazten.com\/wp-content\/uploads\/2024\/03\/Terapiaa-Ane-Larranaga-Bengoa-1024x683.jpg\" \/>\n<meta name=\"twitter:card\" content=\"summary_large_image\" \/>\n<meta name=\"twitter:label1\" content=\"Est. reading time\" \/>\n\t<meta name=\"twitter:data1\" content=\"2 minutua\" \/>\n<script type=\"application\/ld+json\" class=\"yoast-schema-graph\">{\"@context\":\"https:\\\/\\\/schema.org\",\"@graph\":[{\"@type\":\"WebPage\",\"@id\":\"https:\\\/\\\/besarkatuzhazten.com\\\/tratamientos\\\/\",\"url\":\"https:\\\/\\\/besarkatuzhazten.com\\\/tratamientos\\\/\",\"name\":\"Tratamientos - Ane Larra\u00f1aga\",\"isPartOf\":{\"@id\":\"https:\\\/\\\/besarkatuzhazten.com\\\/#website\"},\"primaryImageOfPage\":{\"@id\":\"https:\\\/\\\/besarkatuzhazten.com\\\/tratamientos\\\/#primaryimage\"},\"image\":{\"@id\":\"https:\\\/\\\/besarkatuzhazten.com\\\/tratamientos\\\/#primaryimage\"},\"thumbnailUrl\":\"https:\\\/\\\/besarkatuzhazten.com\\\/wp-content\\\/uploads\\\/2024\\\/03\\\/Terapiaa-Ane-Larranaga-Bengoa-1024x683.jpg\",\"datePublished\":\"2024-04-04T14:53:15+00:00\",\"dateModified\":\"2024-04-19T10:33:36+00:00\",\"breadcrumb\":{\"@id\":\"https:\\\/\\\/besarkatuzhazten.com\\\/tratamientos\\\/#breadcrumb\"},\"inLanguage\":\"eu\",\"potentialAction\":[{\"@type\":\"ReadAction\",\"target\":[\"https:\\\/\\\/besarkatuzhazten.com\\\/tratamientos\\\/\"]}]},{\"@type\":\"ImageObject\",\"inLanguage\":\"eu\",\"@id\":\"https:\\\/\\\/besarkatuzhazten.com\\\/tratamientos\\\/#primaryimage\",\"url\":\"https:\\\/\\\/besarkatuzhazten.com\\\/wp-content\\\/uploads\\\/2024\\\/03\\\/Terapiaa-Ane-Larranaga-Bengoa-1024x683.jpg\",\"contentUrl\":\"https:\\\/\\\/besarkatuzhazten.com\\\/wp-content\\\/uploads\\\/2024\\\/03\\\/Terapiaa-Ane-Larranaga-Bengoa-1024x683.jpg\"},{\"@type\":\"BreadcrumbList\",\"@id\":\"https:\\\/\\\/besarkatuzhazten.com\\\/tratamientos\\\/#breadcrumb\",\"itemListElement\":[{\"@type\":\"ListItem\",\"position\":1,\"name\":\"Portada\",\"item\":\"https:\\\/\\\/besarkatuzhazten.com\\\/\"},{\"@type\":\"ListItem\",\"position\":2,\"name\":\"Tratamientos\"}]},{\"@type\":\"WebSite\",\"@id\":\"https:\\\/\\\/besarkatuzhazten.com\\\/#website\",\"url\":\"https:\\\/\\\/besarkatuzhazten.com\\\/\",\"name\":\"Ane Larra\u00f1aga\",\"description\":\"Psicolog\u00eda\",\"publisher\":{\"@id\":\"https:\\\/\\\/besarkatuzhazten.com\\\/#organization\"},\"potentialAction\":[{\"@type\":\"SearchAction\",\"target\":{\"@type\":\"EntryPoint\",\"urlTemplate\":\"https:\\\/\\\/besarkatuzhazten.com\\\/?s={search_term_string}\"},\"query-input\":{\"@type\":\"PropertyValueSpecification\",\"valueRequired\":true,\"valueName\":\"search_term_string\"}}],\"inLanguage\":\"eu\"},{\"@type\":\"Organization\",\"@id\":\"https:\\\/\\\/besarkatuzhazten.com\\\/#organization\",\"name\":\"Ane Larra\u00f1aga\",\"url\":\"https:\\\/\\\/besarkatuzhazten.com\\\/\",\"logo\":{\"@type\":\"ImageObject\",\"inLanguage\":\"eu\",\"@id\":\"https:\\\/\\\/besarkatuzhazten.com\\\/#\\\/schema\\\/logo\\\/image\\\/\",\"url\":\"https:\\\/\\\/besarkatuzhazten.com\\\/wp-content\\\/uploads\\\/2024\\\/04\\\/cropped-Logo-sem-nombre-02.png\",\"contentUrl\":\"https:\\\/\\\/besarkatuzhazten.com\\\/wp-content\\\/uploads\\\/2024\\\/04\\\/cropped-Logo-sem-nombre-02.png\",\"width\":739,\"height\":738,\"caption\":\"Ane Larra\u00f1aga\"},\"image\":{\"@id\":\"https:\\\/\\\/besarkatuzhazten.com\\\/#\\\/schema\\\/logo\\\/image\\\/\"}}]}<\/script>\n<!-- \/ Yoast SEO plugin. -->","yoast_head_json":{"title":"Tratamientos - Ane Larra\u00f1aga","robots":{"index":"index","follow":"follow","max-snippet":"max-snippet:-1","max-image-preview":"max-image-preview:large","max-video-preview":"max-video-preview:-1"},"canonical":"https:\/\/besarkatuzhazten.com\/eus\/tratamientos\/","og_locale":"en_US","og_type":"article","og_title":"Tratamientos - Ane Larra\u00f1aga","og_description":"Descubre el tratamiento ideal para ti Terapia individual: Te ofrezco un espacio seguro y confidencial para que puedas explorar cuestiones personales, emocionales y\/o comportamentales (te explico un poco m\u00e1s sobre esto en el apartado inicio). Mi enfoque se centra en brindar apoyo personalizado, promoviendo la autoconciencia, la autoaceptaci\u00f3n y el desarrollo personal. Terapia familiar: Estoy [&hellip;]","og_url":"https:\/\/besarkatuzhazten.com\/eus\/tratamientos\/","og_site_name":"Ane Larra\u00f1aga","article_modified_time":"2024-04-19T10:33:36+00:00","og_image":[{"url":"https:\/\/besarkatuzhazten.com\/wp-content\/uploads\/2024\/03\/Terapiaa-Ane-Larranaga-Bengoa-1024x683.jpg","type":"","width":"","height":""}],"twitter_card":"summary_large_image","twitter_misc":{"Est. reading time":"2 minutua"},"schema":{"@context":"https:\/\/schema.org","@graph":[{"@type":"WebPage","@id":"https:\/\/besarkatuzhazten.com\/tratamientos\/","url":"https:\/\/besarkatuzhazten.com\/tratamientos\/","name":"Tratamientos - Ane Larra\u00f1aga","isPartOf":{"@id":"https:\/\/besarkatuzhazten.com\/#website"},"primaryImageOfPage":{"@id":"https:\/\/besarkatuzhazten.com\/tratamientos\/#primaryimage"},"image":{"@id":"https:\/\/besarkatuzhazten.com\/tratamientos\/#primaryimage"},"thumbnailUrl":"https:\/\/besarkatuzhazten.com\/wp-content\/uploads\/2024\/03\/Terapiaa-Ane-Larranaga-Bengoa-1024x683.jpg","datePublished":"2024-04-04T14:53:15+00:00","dateModified":"2024-04-19T10:33:36+00:00","breadcrumb":{"@id":"https:\/\/besarkatuzhazten.com\/tratamientos\/#breadcrumb"},"inLanguage":"eu","potentialAction":[{"@type":"ReadAction","target":["https:\/\/besarkatuzhazten.com\/tratamientos\/"]}]},{"@type":"ImageObject","inLanguage":"eu","@id":"https:\/\/besarkatuzhazten.com\/tratamientos\/#primaryimage","url":"https:\/\/besarkatuzhazten.com\/wp-content\/uploads\/2024\/03\/Terapiaa-Ane-Larranaga-Bengoa-1024x683.jpg","contentUrl":"https:\/\/besarkatuzhazten.com\/wp-content\/uploads\/2024\/03\/Terapiaa-Ane-Larranaga-Bengoa-1024x683.jpg"},{"@type":"BreadcrumbList","@id":"https:\/\/besarkatuzhazten.com\/tratamientos\/#breadcrumb","itemListElement":[{"@type":"ListItem","position":1,"name":"Portada","item":"https:\/\/besarkatuzhazten.com\/"},{"@type":"ListItem","position":2,"name":"Tratamientos"}]},{"@type":"WebSite","@id":"https:\/\/besarkatuzhazten.com\/#website","url":"https:\/\/besarkatuzhazten.com\/","name":"Ane Larra\u00f1aga naiz,","description":"Psicolog\u00eda","publisher":{"@id":"https:\/\/besarkatuzhazten.com\/#organization"},"potentialAction":[{"@type":"SearchAction","target":{"@type":"EntryPoint","urlTemplate":"https:\/\/besarkatuzhazten.com\/?s={search_term_string}"},"query-input":{"@type":"PropertyValueSpecification","valueRequired":true,"valueName":"search_term_string"}}],"inLanguage":"eu"},{"@type":"Organization","@id":"https:\/\/besarkatuzhazten.com\/#organization","name":"Ane Larra\u00f1aga naiz,","url":"https:\/\/besarkatuzhazten.com\/","logo":{"@type":"ImageObject","inLanguage":"eu","@id":"https:\/\/besarkatuzhazten.com\/#\/schema\/logo\/image\/","url":"https:\/\/besarkatuzhazten.com\/wp-content\/uploads\/2024\/04\/cropped-Logo-sem-nombre-02.png","contentUrl":"https:\/\/besarkatuzhazten.com\/wp-content\/uploads\/2024\/04\/cropped-Logo-sem-nombre-02.png","width":739,"height":738,"caption":"Ane Larra\u00f1aga"},"image":{"@id":"https:\/\/besarkatuzhazten.com\/#\/schema\/logo\/image\/"}}]}},"_links":{"self":[{"href":"https:\/\/besarkatuzhazten.com\/eus\/wp-json\/wp\/v2\/pages\/1153","targetHints":{"allow":["GET"]}}],"collection":[{"href":"https:\/\/besarkatuzhazten.com\/eus\/wp-json\/wp\/v2\/pages"}],"about":[{"href":"https:\/\/besarkatuzhazten.com\/eus\/wp-json\/wp\/v2\/types\/page"}],"author":[{"embeddable":true,"href":"https:\/\/besarkatuzhazten.com\/eus\/wp-json\/wp\/v2\/users\/1"}],"replies":[{"embeddable":true,"href":"https:\/\/besarkatuzhazten.com\/eus\/wp-json\/wp\/v2\/comments?post=1153"}],"version-history":[{"count":58,"href":"https:\/\/besarkatuzhazten.com\/eus\/wp-json\/wp\/v2\/pages\/1153\/revisions"}],"predecessor-version":[{"id":2106,"href":"https:\/\/besarkatuzhazten.com\/eus\/wp-json\/wp\/v2\/pages\/1153\/revisions\/2106"}],"wp:attachment":[{"href":"https:\/\/besarkatuzhazten.com\/eus\/wp-json\/wp\/v2\/media?parent=1153"}],"curies":[{"name":"wp","href":"https:\/\/api.w.org\/{rel}","templated":true}]}}