{"id":1251,"date":"2024-04-05T07:32:05","date_gmt":"2024-04-05T07:32:05","guid":{"rendered":"https:\/\/besarkatuzhazten.rkinformatika.online\/?page_id=1251"},"modified":"2024-04-19T18:46:07","modified_gmt":"2024-04-19T18:46:07","slug":"terapia-online","status":"publish","type":"page","link":"https:\/\/besarkatuzhazten.com\/eus\/terapia-online\/","title":{"rendered":"Terapia online"},"content":{"rendered":"\t\t<div data-elementor-type=\"wp-page\" data-elementor-id=\"1251\" class=\"elementor elementor-1251\" data-elementor-post-type=\"page\">\n\t\t\t\t<div class=\"elementor-element elementor-element-5c2db11 e-con-full e-flex e-con e-parent\" data-id=\"5c2db11\" data-element_type=\"container\" data-e-type=\"container\" data-settings=\"{&quot;background_background&quot;:&quot;classic&quot;,&quot;background_motion_fx_motion_fx_scrolling&quot;:&quot;yes&quot;,&quot;background_motion_fx_translateY_effect&quot;:&quot;yes&quot;,&quot;background_motion_fx_translateY_speed&quot;:{&quot;unit&quot;:&quot;px&quot;,&quot;size&quot;:4.4,&quot;sizes&quot;:[]},&quot;background_motion_fx_translateY_affectedRange&quot;:{&quot;unit&quot;:&quot;%&quot;,&quot;size&quot;:&quot;&quot;,&quot;sizes&quot;:{&quot;start&quot;:6,&quot;end&quot;:94}},&quot;background_motion_fx_devices&quot;:[&quot;desktop&quot;,&quot;tablet&quot;,&quot;mobile&quot;]}\">\n\t\t<div class=\"elementor-element elementor-element-a22bf44 e-flex e-con-boxed e-con e-child\" data-id=\"a22bf44\" data-element_type=\"container\" data-e-type=\"container\">\n\t\t\t\t\t<div class=\"e-con-inner\">\n\t\t\t\t\t<\/div>\n\t\t\t\t<\/div>\n\t\t\t\t<\/div>\n\t\t<div class=\"elementor-element elementor-element-262f816 e-flex e-con-boxed elementor-invisible e-con e-parent\" data-id=\"262f816\" data-element_type=\"container\" data-e-type=\"container\" data-settings=\"{&quot;background_background&quot;:&quot;classic&quot;,&quot;animation&quot;:&quot;slideInRight&quot;}\">\n\t\t\t\t\t<div class=\"e-con-inner\">\n\t\t\t\t<div class=\"elementor-element elementor-element-643a308 elementor-widget elementor-widget-heading\" data-id=\"643a308\" data-element_type=\"widget\" data-e-type=\"widget\" data-widget_type=\"heading.default\">\n\t\t\t\t<div class=\"elementor-widget-container\">\n\t\t\t\t\t<h2 class=\"elementor-heading-title elementor-size-default\">\u00bfPor qu\u00e9 terapia online?<\/h2>\t\t\t\t<\/div>\n\t\t\t\t<\/div>\n\t\t\t\t\t<\/div>\n\t\t\t\t<\/div>\n\t\t<div class=\"elementor-element elementor-element-2f8bb9c e-flex e-con-boxed e-con e-parent\" data-id=\"2f8bb9c\" data-element_type=\"container\" data-e-type=\"container\">\n\t\t\t\t\t<div class=\"e-con-inner\">\n\t\t<div class=\"elementor-element elementor-element-6141151 e-con-full e-flex e-con e-child\" data-id=\"6141151\" data-element_type=\"container\" data-e-type=\"container\">\n\t\t\t\t<div class=\"elementor-element elementor-element-0cd58a9 elementor-widget elementor-widget-text-editor\" data-id=\"0cd58a9\" data-element_type=\"widget\" data-e-type=\"widget\" data-widget_type=\"text-editor.default\">\n\t\t\t\t<div class=\"elementor-widget-container\">\n\t\t\t\t\t\t\t\t\t<p>Si no te puedes desplazar, si por horarios no encuentras tiempo suficiente para ir a terapia, si tienes que viajar, o cualquier otro motivo que te lleve a pensar que desplazar al lugar de terapia es imposible, complicado, te supone un estr\u00e9s, es perfecto para ti.<\/p><p>Podr\u00e1s elegir desde d\u00f3nde quieres hacer la terapia.\u00a0<\/p><h5>Es importante que tengas en cuenta lo siguiente ya que es lo \u00fanico que necesitar\u00e1s.<\/h5>\t\t\t\t\t\t\t\t<\/div>\n\t\t\t\t<\/div>\n\t\t\t\t<\/div>\n\t\t<div class=\"elementor-element elementor-element-ac098fc e-con-full e-flex e-con e-child\" data-id=\"ac098fc\" data-element_type=\"container\" data-e-type=\"container\">\n\t\t\t\t<div class=\"elementor-element elementor-element-7e09df7 elementor-widget elementor-widget-image\" data-id=\"7e09df7\" data-element_type=\"widget\" data-e-type=\"widget\" data-widget_type=\"image.default\">\n\t\t\t\t<div class=\"elementor-widget-container\">\n\t\t\t\t\t\t\t\t\t\t\t\t\t\t\t<img fetchpriority=\"high\" decoding=\"async\" width=\"388\" height=\"574\" src=\"https:\/\/besarkatuzhazten.com\/wp-content\/uploads\/2024\/04\/2.png\" class=\"attachment-full size-full wp-image-1918\" alt=\"\" srcset=\"https:\/\/besarkatuzhazten.com\/wp-content\/uploads\/2024\/04\/2.png 388w, https:\/\/besarkatuzhazten.com\/wp-content\/uploads\/2024\/04\/2-203x300.png 203w, https:\/\/besarkatuzhazten.com\/wp-content\/uploads\/2024\/04\/2-8x12.png 8w\" sizes=\"(max-width: 388px) 100vw, 388px\" \/>\t\t\t\t\t\t\t\t\t\t\t\t\t\t\t<\/div>\n\t\t\t\t<\/div>\n\t\t\t\t<\/div>\n\t\t\t\t\t<\/div>\n\t\t\t\t<\/div>\n\t\t<div class=\"elementor-element elementor-element-bd58212 e-flex e-con-boxed elementor-invisible e-con e-parent\" data-id=\"bd58212\" data-element_type=\"container\" data-e-type=\"container\" data-settings=\"{&quot;background_background&quot;:&quot;classic&quot;,&quot;animation&quot;:&quot;slideInRight&quot;}\">\n\t\t\t\t\t<div class=\"e-con-inner\">\n\t\t\t\t<div class=\"elementor-element elementor-element-e198b79 elementor-widget elementor-widget-heading\" data-id=\"e198b79\" data-element_type=\"widget\" data-e-type=\"widget\" data-widget_type=\"heading.default\">\n\t\t\t\t<div class=\"elementor-widget-container\">\n\t\t\t\t\t<h2 class=\"elementor-heading-title elementor-size-default\">\u00bfQu\u00e9 necesitar\u00e1s para empezar?<\/h2>\t\t\t\t<\/div>\n\t\t\t\t<\/div>\n\t\t\t\t\t<\/div>\n\t\t\t\t<\/div>\n\t\t<div class=\"elementor-element elementor-element-ae84717 e-flex e-con-boxed e-con e-parent\" data-id=\"ae84717\" data-element_type=\"container\" data-e-type=\"container\">\n\t\t\t\t\t<div class=\"e-con-inner\">\n\t\t<div class=\"elementor-element elementor-element-a2ddc13 e-con-full e-flex e-con e-child\" data-id=\"a2ddc13\" data-element_type=\"container\" data-e-type=\"container\">\n\t\t\t\t<div class=\"elementor-element elementor-element-1fd5225 elementor-view-default elementor-widget elementor-widget-icon\" data-id=\"1fd5225\" data-element_type=\"widget\" data-e-type=\"widget\" data-widget_type=\"icon.default\">\n\t\t\t\t<div class=\"elementor-widget-container\">\n\t\t\t\t\t\t\t<div class=\"elementor-icon-wrapper\">\n\t\t\t<div class=\"elementor-icon\">\n\t\t\t<i aria-hidden=\"true\" class=\"icon icon-wifi\"><\/i>\t\t\t<\/div>\n\t\t<\/div>\n\t\t\t\t\t\t<\/div>\n\t\t\t\t<\/div>\n\t\t\t\t<div class=\"elementor-element elementor-element-d25284e elementor-widget elementor-widget-heading\" data-id=\"d25284e\" data-element_type=\"widget\" data-e-type=\"widget\" data-widget_type=\"heading.default\">\n\t\t\t\t<div class=\"elementor-widget-container\">\n\t\t\t\t\t<h2 class=\"elementor-heading-title elementor-size-default\">Buena conexi\u00f3n a Internet<\/h2>\t\t\t\t<\/div>\n\t\t\t\t<\/div>\n\t\t\t\t<\/div>\n\t\t<div class=\"elementor-element elementor-element-9634b18 e-con-full e-flex e-con e-child\" data-id=\"9634b18\" data-element_type=\"container\" data-e-type=\"container\">\n\t\t\t\t<div class=\"elementor-element elementor-element-1af814a elementor-view-default elementor-widget elementor-widget-icon\" data-id=\"1af814a\" data-element_type=\"widget\" data-e-type=\"widget\" data-widget_type=\"icon.default\">\n\t\t\t\t<div class=\"elementor-widget-container\">\n\t\t\t\t\t\t\t<div class=\"elementor-icon-wrapper\">\n\t\t\t<div class=\"elementor-icon\">\n\t\t\t<i aria-hidden=\"true\" class=\"icon icon-laptop-phone\"><\/i>\t\t\t<\/div>\n\t\t<\/div>\n\t\t\t\t\t\t<\/div>\n\t\t\t\t<\/div>\n\t\t\t\t<div class=\"elementor-element elementor-element-98d5a8e elementor-widget elementor-widget-heading\" data-id=\"98d5a8e\" data-element_type=\"widget\" data-e-type=\"widget\" data-widget_type=\"heading.default\">\n\t\t\t\t<div class=\"elementor-widget-container\">\n\t\t\t\t\t<h2 class=\"elementor-heading-title elementor-size-default\">Un tel\u00e9fono movil, tablet u ordenador<\/h2>\t\t\t\t<\/div>\n\t\t\t\t<\/div>\n\t\t\t\t<\/div>\n\t\t<div class=\"elementor-element elementor-element-3a2694e e-con-full e-flex e-con e-child\" data-id=\"3a2694e\" data-element_type=\"container\" data-e-type=\"container\">\n\t\t\t\t<div class=\"elementor-element elementor-element-24da19f elementor-view-default elementor-widget elementor-widget-icon\" data-id=\"24da19f\" data-element_type=\"widget\" data-e-type=\"widget\" data-widget_type=\"icon.default\">\n\t\t\t\t<div class=\"elementor-widget-container\">\n\t\t\t\t\t\t\t<div class=\"elementor-icon-wrapper\">\n\t\t\t<div class=\"elementor-icon\">\n\t\t\t<i aria-hidden=\"true\" class=\"icon icon-smile\"><\/i>\t\t\t<\/div>\n\t\t<\/div>\n\t\t\t\t\t\t<\/div>\n\t\t\t\t<\/div>\n\t\t\t\t<div class=\"elementor-element elementor-element-9b9317a elementor-widget elementor-widget-heading\" data-id=\"9b9317a\" data-element_type=\"widget\" data-e-type=\"widget\" data-widget_type=\"heading.default\">\n\t\t\t\t<div class=\"elementor-widget-container\">\n\t\t\t\t\t<h2 class=\"elementor-heading-title elementor-size-default\">Un espacio \u00edntimo que sea seguro para ti<\/h2>\t\t\t\t<\/div>\n\t\t\t\t<\/div>\n\t\t\t\t<\/div>\n\t\t<div class=\"elementor-element elementor-element-fb03392 e-con-full e-flex e-con e-child\" data-id=\"fb03392\" data-element_type=\"container\" data-e-type=\"container\">\n\t\t\t\t<div class=\"elementor-element elementor-element-ea44cb6 elementor-view-default elementor-widget elementor-widget-icon\" data-id=\"ea44cb6\" data-element_type=\"widget\" data-e-type=\"widget\" data-widget_type=\"icon.default\">\n\t\t\t\t<div class=\"elementor-widget-container\">\n\t\t\t\t\t\t\t<div class=\"elementor-icon-wrapper\">\n\t\t\t<div class=\"elementor-icon\">\n\t\t\t<svg aria-hidden=\"true\" class=\"e-font-icon-svg e-far-hand-rock\" viewBox=\"0 0 512 512\" xmlns=\"http:\/\/www.w3.org\/2000\/svg\"><path d=\"M408.864 79.052c-22.401-33.898-66.108-42.273-98.813-23.588-29.474-31.469-79.145-31.093-108.334-.022-47.16-27.02-108.71 5.055-110.671 60.806C44.846 105.407 0 140.001 0 187.429v56.953c0 32.741 14.28 63.954 39.18 85.634l97.71 85.081c4.252 3.702 3.11 5.573 3.11 32.903 0 17.673 14.327 32 32 32h252c17.673 0 32-14.327 32-32 0-23.513-1.015-30.745 3.982-42.37l42.835-99.656c6.094-14.177 9.183-29.172 9.183-44.568V146.963c0-52.839-54.314-88.662-103.136-67.911zM464 261.406a64.505 64.505 0 0 1-5.282 25.613l-42.835 99.655c-5.23 12.171-7.883 25.04-7.883 38.25V432H188v-10.286c0-16.37-7.14-31.977-19.59-42.817l-97.71-85.08C56.274 281.255 48 263.236 48 244.381v-56.953c0-33.208 52-33.537 52 .677v41.228a16 16 0 0 0 5.493 12.067l7 6.095A16 16 0 0 0 139 235.429V118.857c0-33.097 52-33.725 52 .677v26.751c0 8.836 7.164 16 16 16h7c8.836 0 16-7.164 16-16v-41.143c0-33.134 52-33.675 52 .677v40.466c0 8.836 7.163 16 16 16h7c8.837 0 16-7.164 16-16v-27.429c0-33.03 52-33.78 52 .677v26.751c0 8.836 7.163 16 16 16h7c8.837 0 16-7.164 16-16 0-33.146 52-33.613 52 .677v114.445z\"><\/path><\/svg>\t\t\t<\/div>\n\t\t<\/div>\n\t\t\t\t\t\t<\/div>\n\t\t\t\t<\/div>\n\t\t\t\t<div class=\"elementor-element elementor-element-48e24e7 elementor-widget elementor-widget-heading\" data-id=\"48e24e7\" data-element_type=\"widget\" data-e-type=\"widget\" data-widget_type=\"heading.default\">\n\t\t\t\t<div class=\"elementor-widget-container\">\n\t\t\t\t\t<h2 class=\"elementor-heading-title elementor-size-default\">Motivaci\u00f3n para comenzar un proceso<\/h2>\t\t\t\t<\/div>\n\t\t\t\t<\/div>\n\t\t\t\t<\/div>\n\t\t\t\t\t<\/div>\n\t\t\t\t<\/div>\n\t\t<div class=\"elementor-element elementor-element-620a853 e-flex e-con-boxed e-con e-parent\" data-id=\"620a853\" data-element_type=\"container\" data-e-type=\"container\">\n\t\t\t\t\t<div class=\"e-con-inner\">\n\t\t\t\t<div class=\"elementor-element elementor-element-9267d1b elementor-widget elementor-widget-text-editor\" data-id=\"9267d1b\" data-element_type=\"widget\" data-e-type=\"widget\" data-widget_type=\"text-editor.default\">\n\t\t\t\t<div class=\"elementor-widget-container\">\n\t\t\t\t\t\t\t\t\t<h5>A veces la vida est\u00e1 llena de cambios y desplazarte al lugar de la terapia puede ser demasiado costoso, otras, nos sentimos tan a gusto en nuestro espacio \u00edntimo que preferimos hacer terapia desde all\u00ed.<\/h5><p>Es importante recalcar que la terapia online, es igual de efectiva que la presencial.<\/p>\t\t\t\t\t\t\t\t<\/div>\n\t\t\t\t<\/div>\n\t\t\t\t\t<\/div>\n\t\t\t\t<\/div>\n\t\t<div class=\"elementor-element elementor-element-e36fef2 e-flex e-con-boxed e-con e-parent\" data-id=\"e36fef2\" data-element_type=\"container\" data-e-type=\"container\">\n\t\t\t\t\t<div class=\"e-con-inner\">\n\t\t\t\t<div class=\"elementor-element elementor-element-9cc07c1 elementor-widget elementor-widget-spacer\" data-id=\"9cc07c1\" data-element_type=\"widget\" data-e-type=\"widget\" data-widget_type=\"spacer.default\">\n\t\t\t\t<div class=\"elementor-widget-container\">\n\t\t\t\t\t\t\t<div class=\"elementor-spacer\">\n\t\t\t<div class=\"elementor-spacer-inner\"><\/div>\n\t\t<\/div>\n\t\t\t\t\t\t<\/div>\n\t\t\t\t<\/div>\n\t\t\t\t\t<\/div>\n\t\t\t\t<\/div>\n\t\t\t\t<\/div>\n\t\t","protected":false},"excerpt":{"rendered":"<p>\u00bfPor qu\u00e9 terapia online? Si no te puedes desplazar, si por horarios no encuentras tiempo suficiente para ir a terapia, si tienes que viajar, o cualquier otro motivo que te lleve a pensar que desplazar al lugar de terapia es imposible, complicado, te supone un estr\u00e9s, es perfecto para ti. Podr\u00e1s elegir desde d\u00f3nde quieres [&hellip;]<\/p>\n","protected":false},"author":1,"featured_media":0,"parent":0,"menu_order":0,"comment_status":"closed","ping_status":"closed","template":"elementor_canvas","meta":{"footnotes":""},"class_list":["post-1251","page","type-page","status-publish","hentry"],"yoast_head":"<!-- This site is optimized with the Yoast SEO plugin v27.3 - https:\/\/yoast.com\/product\/yoast-seo-wordpress\/ -->\n<title>Terapia Online - Ane Larra\u00f1aga<\/title>\n<meta name=\"robots\" content=\"index, follow, max-snippet:-1, max-image-preview:large, max-video-preview:-1\" \/>\n<link rel=\"canonical\" href=\"https:\/\/besarkatuzhazten.com\/eus\/terapia-online\/\" \/>\n<meta property=\"og:locale\" content=\"en_US\" \/>\n<meta property=\"og:type\" content=\"article\" \/>\n<meta property=\"og:title\" content=\"Terapia Online - Ane Larra\u00f1aga\" \/>\n<meta property=\"og:description\" content=\"\u00bfPor qu\u00e9 terapia online? Si no te puedes desplazar, si por horarios no encuentras tiempo suficiente para ir a terapia, si tienes que viajar, o cualquier otro motivo que te lleve a pensar que desplazar al lugar de terapia es imposible, complicado, te supone un estr\u00e9s, es perfecto para ti. Podr\u00e1s elegir desde d\u00f3nde quieres [&hellip;]\" \/>\n<meta property=\"og:url\" content=\"https:\/\/besarkatuzhazten.com\/eus\/terapia-online\/\" \/>\n<meta property=\"og:site_name\" content=\"Ane Larra\u00f1aga\" \/>\n<meta property=\"article:modified_time\" content=\"2024-04-19T18:46:07+00:00\" \/>\n<meta property=\"og:image\" content=\"https:\/\/besarkatuzhazten.com\/wp-content\/uploads\/2024\/04\/2.png\" \/>\n<meta name=\"twitter:card\" content=\"summary_large_image\" \/>\n<meta name=\"twitter:label1\" content=\"Est. reading time\" \/>\n\t<meta name=\"twitter:data1\" content=\"1 minutua\" \/>\n<script type=\"application\/ld+json\" class=\"yoast-schema-graph\">{\"@context\":\"https:\\\/\\\/schema.org\",\"@graph\":[{\"@type\":\"WebPage\",\"@id\":\"https:\\\/\\\/besarkatuzhazten.com\\\/terapia-online\\\/\",\"url\":\"https:\\\/\\\/besarkatuzhazten.com\\\/terapia-online\\\/\",\"name\":\"Terapia Online - Ane Larra\u00f1aga\",\"isPartOf\":{\"@id\":\"https:\\\/\\\/besarkatuzhazten.com\\\/#website\"},\"primaryImageOfPage\":{\"@id\":\"https:\\\/\\\/besarkatuzhazten.com\\\/terapia-online\\\/#primaryimage\"},\"image\":{\"@id\":\"https:\\\/\\\/besarkatuzhazten.com\\\/terapia-online\\\/#primaryimage\"},\"thumbnailUrl\":\"https:\\\/\\\/besarkatuzhazten.com\\\/wp-content\\\/uploads\\\/2024\\\/04\\\/2.png\",\"datePublished\":\"2024-04-05T07:32:05+00:00\",\"dateModified\":\"2024-04-19T18:46:07+00:00\",\"breadcrumb\":{\"@id\":\"https:\\\/\\\/besarkatuzhazten.com\\\/terapia-online\\\/#breadcrumb\"},\"inLanguage\":\"eu\",\"potentialAction\":[{\"@type\":\"ReadAction\",\"target\":[\"https:\\\/\\\/besarkatuzhazten.com\\\/terapia-online\\\/\"]}]},{\"@type\":\"ImageObject\",\"inLanguage\":\"eu\",\"@id\":\"https:\\\/\\\/besarkatuzhazten.com\\\/terapia-online\\\/#primaryimage\",\"url\":\"https:\\\/\\\/besarkatuzhazten.com\\\/wp-content\\\/uploads\\\/2024\\\/04\\\/2.png\",\"contentUrl\":\"https:\\\/\\\/besarkatuzhazten.com\\\/wp-content\\\/uploads\\\/2024\\\/04\\\/2.png\"},{\"@type\":\"BreadcrumbList\",\"@id\":\"https:\\\/\\\/besarkatuzhazten.com\\\/terapia-online\\\/#breadcrumb\",\"itemListElement\":[{\"@type\":\"ListItem\",\"position\":1,\"name\":\"Portada\",\"item\":\"https:\\\/\\\/besarkatuzhazten.com\\\/\"},{\"@type\":\"ListItem\",\"position\":2,\"name\":\"Terapia Online\"}]},{\"@type\":\"WebSite\",\"@id\":\"https:\\\/\\\/besarkatuzhazten.com\\\/#website\",\"url\":\"https:\\\/\\\/besarkatuzhazten.com\\\/\",\"name\":\"Ane Larra\u00f1aga\",\"description\":\"Psicolog\u00eda\",\"publisher\":{\"@id\":\"https:\\\/\\\/besarkatuzhazten.com\\\/#organization\"},\"potentialAction\":[{\"@type\":\"SearchAction\",\"target\":{\"@type\":\"EntryPoint\",\"urlTemplate\":\"https:\\\/\\\/besarkatuzhazten.com\\\/?s={search_term_string}\"},\"query-input\":{\"@type\":\"PropertyValueSpecification\",\"valueRequired\":true,\"valueName\":\"search_term_string\"}}],\"inLanguage\":\"eu\"},{\"@type\":\"Organization\",\"@id\":\"https:\\\/\\\/besarkatuzhazten.com\\\/#organization\",\"name\":\"Ane Larra\u00f1aga\",\"url\":\"https:\\\/\\\/besarkatuzhazten.com\\\/\",\"logo\":{\"@type\":\"ImageObject\",\"inLanguage\":\"eu\",\"@id\":\"https:\\\/\\\/besarkatuzhazten.com\\\/#\\\/schema\\\/logo\\\/image\\\/\",\"url\":\"https:\\\/\\\/besarkatuzhazten.com\\\/wp-content\\\/uploads\\\/2024\\\/04\\\/cropped-Logo-sem-nombre-02.png\",\"contentUrl\":\"https:\\\/\\\/besarkatuzhazten.com\\\/wp-content\\\/uploads\\\/2024\\\/04\\\/cropped-Logo-sem-nombre-02.png\",\"width\":739,\"height\":738,\"caption\":\"Ane Larra\u00f1aga\"},\"image\":{\"@id\":\"https:\\\/\\\/besarkatuzhazten.com\\\/#\\\/schema\\\/logo\\\/image\\\/\"}}]}<\/script>\n<!-- \/ Yoast SEO plugin. -->","yoast_head_json":{"title":"Terapia Online - Ane Larra\u00f1aga","robots":{"index":"index","follow":"follow","max-snippet":"max-snippet:-1","max-image-preview":"max-image-preview:large","max-video-preview":"max-video-preview:-1"},"canonical":"https:\/\/besarkatuzhazten.com\/eus\/terapia-online\/","og_locale":"en_US","og_type":"article","og_title":"Terapia Online - Ane Larra\u00f1aga","og_description":"\u00bfPor qu\u00e9 terapia online? Si no te puedes desplazar, si por horarios no encuentras tiempo suficiente para ir a terapia, si tienes que viajar, o cualquier otro motivo que te lleve a pensar que desplazar al lugar de terapia es imposible, complicado, te supone un estr\u00e9s, es perfecto para ti. Podr\u00e1s elegir desde d\u00f3nde quieres [&hellip;]","og_url":"https:\/\/besarkatuzhazten.com\/eus\/terapia-online\/","og_site_name":"Ane Larra\u00f1aga","article_modified_time":"2024-04-19T18:46:07+00:00","og_image":[{"url":"https:\/\/besarkatuzhazten.com\/wp-content\/uploads\/2024\/04\/2.png","type":"","width":"","height":""}],"twitter_card":"summary_large_image","twitter_misc":{"Est. reading time":"1 minutua"},"schema":{"@context":"https:\/\/schema.org","@graph":[{"@type":"WebPage","@id":"https:\/\/besarkatuzhazten.com\/terapia-online\/","url":"https:\/\/besarkatuzhazten.com\/terapia-online\/","name":"Terapia Online - Ane Larra\u00f1aga","isPartOf":{"@id":"https:\/\/besarkatuzhazten.com\/#website"},"primaryImageOfPage":{"@id":"https:\/\/besarkatuzhazten.com\/terapia-online\/#primaryimage"},"image":{"@id":"https:\/\/besarkatuzhazten.com\/terapia-online\/#primaryimage"},"thumbnailUrl":"https:\/\/besarkatuzhazten.com\/wp-content\/uploads\/2024\/04\/2.png","datePublished":"2024-04-05T07:32:05+00:00","dateModified":"2024-04-19T18:46:07+00:00","breadcrumb":{"@id":"https:\/\/besarkatuzhazten.com\/terapia-online\/#breadcrumb"},"inLanguage":"eu","potentialAction":[{"@type":"ReadAction","target":["https:\/\/besarkatuzhazten.com\/terapia-online\/"]}]},{"@type":"ImageObject","inLanguage":"eu","@id":"https:\/\/besarkatuzhazten.com\/terapia-online\/#primaryimage","url":"https:\/\/besarkatuzhazten.com\/wp-content\/uploads\/2024\/04\/2.png","contentUrl":"https:\/\/besarkatuzhazten.com\/wp-content\/uploads\/2024\/04\/2.png"},{"@type":"BreadcrumbList","@id":"https:\/\/besarkatuzhazten.com\/terapia-online\/#breadcrumb","itemListElement":[{"@type":"ListItem","position":1,"name":"Portada","item":"https:\/\/besarkatuzhazten.com\/"},{"@type":"ListItem","position":2,"name":"Terapia Online"}]},{"@type":"WebSite","@id":"https:\/\/besarkatuzhazten.com\/#website","url":"https:\/\/besarkatuzhazten.com\/","name":"Ane Larra\u00f1aga naiz,","description":"Psicolog\u00eda","publisher":{"@id":"https:\/\/besarkatuzhazten.com\/#organization"},"potentialAction":[{"@type":"SearchAction","target":{"@type":"EntryPoint","urlTemplate":"https:\/\/besarkatuzhazten.com\/?s={search_term_string}"},"query-input":{"@type":"PropertyValueSpecification","valueRequired":true,"valueName":"search_term_string"}}],"inLanguage":"eu"},{"@type":"Organization","@id":"https:\/\/besarkatuzhazten.com\/#organization","name":"Ane Larra\u00f1aga naiz,","url":"https:\/\/besarkatuzhazten.com\/","logo":{"@type":"ImageObject","inLanguage":"eu","@id":"https:\/\/besarkatuzhazten.com\/#\/schema\/logo\/image\/","url":"https:\/\/besarkatuzhazten.com\/wp-content\/uploads\/2024\/04\/cropped-Logo-sem-nombre-02.png","contentUrl":"https:\/\/besarkatuzhazten.com\/wp-content\/uploads\/2024\/04\/cropped-Logo-sem-nombre-02.png","width":739,"height":738,"caption":"Ane Larra\u00f1aga"},"image":{"@id":"https:\/\/besarkatuzhazten.com\/#\/schema\/logo\/image\/"}}]}},"_links":{"self":[{"href":"https:\/\/besarkatuzhazten.com\/eus\/wp-json\/wp\/v2\/pages\/1251","targetHints":{"allow":["GET"]}}],"collection":[{"href":"https:\/\/besarkatuzhazten.com\/eus\/wp-json\/wp\/v2\/pages"}],"about":[{"href":"https:\/\/besarkatuzhazten.com\/eus\/wp-json\/wp\/v2\/types\/page"}],"author":[{"embeddable":true,"href":"https:\/\/besarkatuzhazten.com\/eus\/wp-json\/wp\/v2\/users\/1"}],"replies":[{"embeddable":true,"href":"https:\/\/besarkatuzhazten.com\/eus\/wp-json\/wp\/v2\/comments?post=1251"}],"version-history":[{"count":142,"href":"https:\/\/besarkatuzhazten.com\/eus\/wp-json\/wp\/v2\/pages\/1251\/revisions"}],"predecessor-version":[{"id":2183,"href":"https:\/\/besarkatuzhazten.com\/eus\/wp-json\/wp\/v2\/pages\/1251\/revisions\/2183"}],"wp:attachment":[{"href":"https:\/\/besarkatuzhazten.com\/eus\/wp-json\/wp\/v2\/media?parent=1251"}],"curies":[{"name":"wp","href":"https:\/\/api.w.org\/{rel}","templated":true}]}}