{"id":3,"date":"2024-02-19T13:54:34","date_gmt":"2024-02-19T13:54:34","guid":{"rendered":"https:\/\/web5.rkinformatika.net\/besarkatuzhazten\/?page_id=3"},"modified":"2024-04-16T11:09:51","modified_gmt":"2024-04-16T11:09:51","slug":"aviso-legal","status":"publish","type":"page","link":"https:\/\/besarkatuzhazten.com\/eus\/aviso-legal\/","title":{"rendered":"Legezko Oharra"},"content":{"rendered":"<div data-elementor-type=\"wp-page\" data-elementor-id=\"3\" class=\"elementor elementor-3\" data-elementor-post-type=\"page\">\n\t\t\t\t<div class=\"elementor-element elementor-element-5f953715 e-flex e-con-boxed e-con e-parent\" data-id=\"5f953715\" data-element_type=\"container\" data-e-type=\"container\">\n\t\t\t\t\t<div class=\"e-con-inner\">\n\t\t\t\t<div class=\"elementor-element elementor-element-3c46268d elementor-widget elementor-widget-text-editor\" data-id=\"3c46268d\" data-element_type=\"widget\" data-e-type=\"widget\" data-widget_type=\"text-editor.default\">\n\t\t\t\t<div class=\"elementor-widget-container\">\n\t\t\t\t\t\t\t\t\t<h1 lang=\"es-ES-u-co-trad\"><span style=\"color: #0563c1;\"><u><span style=\"font-family: Arial, serif;\"><span style=\"font-size: large;\"><span lang=\"es-ES\"><b>AVISO LEGAL PARA LA P\u00c1GINA WEB<\/b><\/span><\/span><\/span><\/u><\/span><\/h1><p lang=\"es-ES-u-co-trad\" align=\"justify\"><span style=\"font-family: Verdana, serif;\"><span lang=\"es-ES\">Al pie de la Web debe incluirse un link independiente con la r\u00fabrica <\/span><\/span><span style=\"font-family: Verdana, serif;\"><span lang=\"es-ES\"><b>\u201cAviso Legal\u201d,<\/b><\/span><\/span><span style=\"font-family: Verdana, serif;\"><span lang=\"es-ES\"> haciendo clic en el cual se abra una ventana de navegaci\u00f3n independiente en la que aparezca el texto que se incluye m\u00e1s abajo. Este link debe ser visible en todas las URL de la p\u00e1gina Web.<\/span><\/span><\/p><p lang=\"es-ES-u-co-trad\" align=\"justify\"><span style=\"font-family: Verdana, serif;\"><span lang=\"es-ES\"><u><b>INFORMACI\u00d3N LEGAL<\/b><\/u><\/span><\/span><\/p><p lang=\"es-ES-u-co-trad\" align=\"justify\"><span style=\"font-family: Verdana, serif;\"><span lang=\"es-ES\">En este apartado se incluye informaci\u00f3n sobre las condiciones de acceso y utilizaci\u00f3n de este sitio web que deben ser conocidas por el usuario, a los efectos previstos en la Ley 34\/2002 de Servicios de la Sociedad de la Informaci\u00f3n y de Comercio Electr\u00f3nico.<\/span><\/span><\/p><ul><li><p lang=\"es-ES-u-co-trad\" align=\"justify\"><span style=\"font-family: Verdana, serif;\"><span lang=\"es-ES\">Titular:<\/span><\/span><span style=\"font-family: Verdana, serif;\"><span lang=\"es-ES\"> ANE LARRA\u00d1AGA BENGOA<\/span><\/span><\/p><\/li><li><p lang=\"es-ES-u-co-trad\" align=\"justify\"><span style=\"font-family: Verdana, serif;\"><span lang=\"es-ES\">CIF: 79116137R<\/span><\/span><\/p><\/li><li><p lang=\"es-ES-u-co-trad\" align=\"justify\"><span style=\"font-family: Verdana, serif;\"><span lang=\"es-ES\">Domicilio social: <\/span><\/span><span style=\"font-family: Verdana, serif;\"><span lang=\"es-ES\">ANTSO ESTEGIZ 22 C, 48200 DURANGO-BIZKAIA<\/span><\/span><\/p><\/li><li><p lang=\"es-ES-u-co-trad\" align=\"justify\"><span style=\"font-family: Verdana, serif;\"><span lang=\"es-ES\">Direcci\u00f3n de correo electr\u00f3nico: <\/span><\/span><span style=\"color: #0070c0;\"><span style=\"font-family: Verdana, serif;\">ane.psico.besarkatuzhazten@gmail.com<\/span><\/span><\/p><\/li><li><p lang=\"es-ES-u-co-trad\" align=\"justify\"><span style=\"font-family: Verdana, serif;\"><span lang=\"es-ES\">Tel\u00e9fono: <\/span><\/span><span style=\"font-family: Verdana, serif;\"><span lang=\"es-ES\">624104859<\/span><\/span><\/p><\/li><li><p lang=\"es-ES-u-co-trad\" align=\"justify\"><span style=\"font-family: Verdana, serif;\"><span lang=\"es-ES\">N.\u00ba Colegiado \/ Colegio Profesional al que pertenezco: BI05633<\/span><\/span><\/p><\/li><\/ul><p lang=\"es-ES-u-co-trad\" align=\"justify\"><span style=\"font-family: Verdana, serif;\"><span lang=\"es-ES\"><u><b>CONDICIONES DE ACCESO A LA WEB<\/b><\/u><\/span><\/span><\/p><p lang=\"es-ES-u-co-trad\" align=\"justify\"><span style=\"font-family: Verdana, serif;\"><span lang=\"es-ES\">La utilizaci\u00f3n de esta p\u00e1gina Web atribuye la condici\u00f3n<\/span><\/span><span style=\"font-family: Verdana, serif;\"><span lang=\"es-ES\"> de Usuario a quien lo haga e implica la aceptaci\u00f3n de todas las condiciones incluidas en este Aviso Legal. El Usuario deber\u00e1 leer estas condiciones cada vez que acceda a esta Web, ya que pueden ser modificadas en lo sucesivo. Algunos aspectos de esta p\u00e1gina Web, por su especialidad, pueden estar sujetos a condiciones o reglas particulares que pueden sustituir, completar o modificar este Aviso Legal, por lo que tambi\u00e9n deben ser aceptadas por el Usuario que los utilice o acceda a ellos.<\/span><\/span><\/p><p lang=\"es-ES-u-co-trad\" align=\"justify\"><span style=\"font-family: Verdana, serif;\"><span lang=\"es-ES\"><u><b>OBLIGACI\u00d3N DE HACER USO CORRECTO DE LA P\u00c1GINA WEB Y LOS CONTENIDOS<\/b><\/u><\/span><\/span><\/p><p lang=\"es-ES-u-co-trad\" align=\"justify\"><a name=\"_Hlk164162076\"><\/a> <span style=\"font-family: Verdana, serif;\"><span lang=\"es-ES\">Todos los contenidos de esta Web (textos, fotograf\u00edas, gr\u00e1ficos, im\u00e1genes, tecnolog\u00eda, software, links, contenidos audiovisuales o sonoros, dise\u00f1o gr\u00e1fico, c\u00f3digo fuente, etc.), as\u00ed como las marcas y dem\u00e1s signos distintivos son propiedad de <\/span><\/span><span style=\"font-family: Verdana, serif;\"><span lang=\"es-ES\">la titular de la web<\/span><\/span><span style=\"font-family: Verdana, serif;\"><span lang=\"es-ES\"> o de terceros, no adquiriendo el Usuario ning\u00fan derecho sobre ellos por el mero uso de esta Web.<\/span><\/span><\/p><p lang=\"es-ES-u-co-trad\" align=\"justify\"><span style=\"font-family: Verdana, serif;\"><span lang=\"es-ES\">El Usuario deber\u00e1 abstenerse de: a) reproducir, copiar, distribuir, poner a disposici\u00f3n de terceros, comunicar p\u00fablicamente, transformar o modificar los contenidos de esta Web, salvo en los casos contemplados en la ley o expresamente autorizados por el propietario o por el titular de dichos derechos; b) reproducir o copiar para uso privado el software, las im\u00e1genes, los videos o las bases de datos existentes en esta Web, as\u00ed como comunicarlos p\u00fablicamente o ponerlos a disposici\u00f3n de terceros cuando ello conlleve su reproducci\u00f3n; c) extraer o reutilizar los contenidos integrantes de esta Web.<\/span><\/span><\/p><p lang=\"es-ES-u-co-trad\" align=\"justify\"><span style=\"font-family: Verdana, serif;\"><span lang=\"es-ES\">El Usuario que quiera introducir enlaces a esta Web desde sus propias p\u00e1ginas Web estar\u00e1 obligado a cumplir las condiciones siguientes: <\/span><\/span><\/p><p lang=\"es-ES-u-co-trad\" align=\"justify\"><span style=\"font-family: Verdana, serif;\"><span lang=\"es-ES\">a) el enlace \u00fanicamente vincular\u00e1 con la home page, no pudiendo reproducirla de ninguna forma <\/span><\/span><\/p><p lang=\"es-ES-u-co-trad\" align=\"justify\"><span style=\"font-family: Verdana, serif;\"><span lang=\"es-ES\">b) no podr\u00e1n establecerse frames o marcos de cualquier tipo que rodeen la Web o permitan visualizarla a trav\u00e9s de direcciones de Internet distintas o conjuntamente con contenidos ajenos a esta Web, de forma que produzca, o pueda producir, error o confusi\u00f3n en los Usuarios sobre la procedencia del servicio o su contenido, implique un acto de comparaci\u00f3n o imitaci\u00f3n desleal, sirva para aprovechar la reputaci\u00f3n, marca y prestigio de <\/span><\/span><span style=\"font-family: Verdana, serif;\"><span lang=\"es-ES\">ANE LARRA\u00d1AGA BENGOA <\/span><\/span><span style=\"font-family: Verdana, serif;\"><span lang=\"es-ES\">o se haga de cualquier otro modo que est\u00e9 prohibido por la Ley.<\/span><\/span><\/p><p lang=\"es-ES-u-co-trad\" align=\"justify\"><span style=\"font-family: Verdana, serif;\"><span lang=\"es-ES\">c) desde la p\u00e1gina que realice el enlace no podr\u00e1 efectuarse ning\u00fan tipo de manifestaci\u00f3n falsa o inexacta sobre la entidad o sobre la calidad de sus productos y servicios<\/span><\/span><\/p><p lang=\"es-ES-u-co-trad\" align=\"justify\"><span style=\"font-family: Verdana, serif;\"><span lang=\"es-ES\">d) El remitente no podr\u00e1 utilizar la marca o cualquier otro signo distintivo de la entidad dentro de su p\u00e1gina Web, salvo en los casos autorizados por la ley o permitidos expresamente por el titular de la web. <\/span><\/span><\/p><p lang=\"es-ES-u-co-trad\" align=\"justify\"><span style=\"font-family: Verdana, serif;\"><span lang=\"es-ES\">e) la p\u00e1gina que establezca el enlace deber\u00e1 observar la legalidad vigente y no podr\u00e1 disponer de o enlazar con contenidos il\u00edcitos, nocivos, contrarios a la moral y a las buenas costumbres, que produzcan o puedan producir la falsa idea de qu\u00e9 <\/span><\/span><span style=\"font-family: Verdana, serif;\"><span lang=\"es-ES\">la titular de la web<\/span><\/span><span style=\"font-family: Verdana, serif;\"><span lang=\"es-ES\"> respalda o apoya, las ideas, manifestaciones o actuaciones del remitente o que resulten inadecuados en relaci\u00f3n con la actividad desarrollada por la Entidad, teniendo en cuenta los contenidos y la tem\u00e1tica general de la p\u00e1gina Web donde se establezca el enlace.<\/span><\/span><\/p><p lang=\"es-ES-u-co-trad\" align=\"justify\"><span style=\"font-family: Verdana, serif;\"><span lang=\"es-ES\"><u><b>RESPONSABILIDAD DE LA PERSONA USUARIA<\/b><\/u><\/span><\/span><\/p><p lang=\"es-ES-u-co-trad\" align=\"justify\"><span style=\"font-family: Verdana, serif;\"><span lang=\"es-ES\">ANE LARRA\u00d1AGA BENGOA <\/span><\/span><span style=\"font-family: Verdana, serif;\"><span lang=\"es-ES\">no es responsable de controlar que en esta Web no existan programas maliciosos o cualquier otro elemento inform\u00e1tico da\u00f1ino. Corresponde al Usuario, en todo caso, disponer de herramientas adecuadas para la detecci\u00f3n y desinfecci\u00f3n de estos elementos. De acuerdo con ello, el titular de la web no se responsabiliza de los da\u00f1os producidos a equipos inform\u00e1ticos durante el acceso a la presente Web. Igualmente, no ser\u00e1 responsable de los da\u00f1os producidos a los Usuarios cuando dichos da\u00f1os tengan su origen en fallos o desconexiones en las redes de telecomunicaciones que interrumpan el servicio de esta Web.<\/span><\/span><\/p><p lang=\"es-ES-u-co-trad\" align=\"justify\"><span style=\"font-family: Verdana, serif;\"><span lang=\"es-ES\">Todos los contenidos de la p\u00e1gina web, entendi\u00e9ndose como tales, a t\u00edtulo meramente enunciativo no limitativo, todos textos, documentos, fotograf\u00edas, dibujos, im\u00e1genes, iconos, representaciones gr\u00e1ficas, contenidos audiovisuales o sonoros, as\u00ed como su dise\u00f1o gr\u00e1fico y c\u00f3digo fuente, las marcas, nombres comerciales u otros signos distintivos, son de la titularidad exclusiva de <\/span><\/span><span style=\"font-family: Verdana, serif;\"><span lang=\"es-ES\">la titular de la web<\/span><\/span><span style=\"font-family: Verdana, serif;\"><span lang=\"es-ES\"> o de terceros (siendo esta la leg\u00edtima licenciataria) y est\u00e1n protegidos por las Leyes de Propiedad Industrial e Intelectual. <\/span><\/span><\/p><p lang=\"es-ES-u-co-trad\" align=\"justify\"><span style=\"font-family: Verdana, serif;\"><span lang=\"es-ES\">El acceso por parte de los usuarios a los contenidos de la P\u00e1gina web, no les otorga derechos ni titularidad alguna sobre los mismos. <\/span><\/span><\/p><p lang=\"es-ES-u-co-trad\" align=\"justify\"><span style=\"font-family: Verdana, serif;\"><span lang=\"es-ES\">Queda estrictamente prohibida cualquier modalidad de explotaci\u00f3n, reproducci\u00f3n, distribuci\u00f3n, modificaci\u00f3n, comunicaci\u00f3n p\u00fablica, cesi\u00f3n o transformaci\u00f3n o cualquier otra forma de difusi\u00f3n de la informaci\u00f3n o elementos contenidos en la web mencionados en este apartado, mediante cualquier soporte y medio, no autorizado de forma previa y expresa. El contenido de esta p\u00e1gina web podr\u00e1 \u00fanicamente ser descargado al terminal del usuario, siempre que sea para su uso privado y sin ning\u00fan fin comercial. <\/span><\/span><\/p><p lang=\"es-ES-u-co-trad\" align=\"justify\"><span style=\"font-family: Verdana, serif;\"><span lang=\"es-ES\">La infracci\u00f3n de cualquiera de los derechos citados puede constituir una vulneraci\u00f3n de las presentes condiciones y\/o de las leyes de Propiedad Industrial e Intelectual. <\/span><\/span><span style=\"font-family: Verdana, serif;\"><span lang=\"es-ES\">ANE LARRA\u00d1AGA BENGOA<\/span><\/span><span style=\"font-family: Verdana, serif;\"><span lang=\"es-ES\"> se reserva la posibilidad de ejercer las acciones legales que correspondan contra los usuarios que violen o infrinjan los derechos de propiedad intelectual y\/o industrial de este website, su informaci\u00f3n o sus contenidos. <\/span><\/span><\/p><p lang=\"es-ES-u-co-trad\" align=\"justify\"><span style=\"font-family: Verdana, serif;\"><span lang=\"es-ES\"><u><b>RESPONSABILIDADES DE LA ENTIDAD <\/b><\/u><\/span><\/span><\/p><p lang=\"es-ES-u-co-trad\" align=\"justify\"><span style=\"font-family: Verdana, serif;\"><span lang=\"es-ES\">Esta Web puede incluir enlaces que permiten al Usuario acceder a otras p\u00e1ginas de Internet. En estos casos, <\/span><\/span><span style=\"font-family: Verdana, serif;\"><span lang=\"es-ES\">la titular de la web<\/span><\/span><span style=\"font-family: Verdana, serif;\"><span lang=\"es-ES\"> solo ser\u00e1 responsable de los contenidos y servicios suministrados a trav\u00e9s de los enlaces en cuanto conozca su ilicitud y no los haya desactivado diligentemente. Si un Usuario considerase que existe un enlace con contenidos il\u00edcitos o inadecuados, nos lo podr\u00e1 indicar, sin que ello suponga que este quede obligado por ello a retirar el correspondiente enlace. El titular de la web, no siempre conoce los contenidos y servicios de los enlaces y, por tanto, no se hace responsable por los da\u00f1os derivados de su falta de calidad, desactualizaci\u00f3n, indisponibilidad, error, inutilidad o ilegalidad y no responde de las manifestaciones realizadas o de los contenidos o servicios proporcionados a trav\u00e9s de ellos, salvo que sea directamente responsable de la prestaci\u00f3n de dichos servicios.<\/span><\/span><\/p><p lang=\"es-ES-u-co-trad\" align=\"justify\"><span style=\"font-family: Verdana, serif;\"><span lang=\"es-ES\">El Usuario se compromete a hacer un uso correcto de esta Web de conformidad con la Ley, con el presente Aviso Legal y con las dem\u00e1s condiciones, reglamentos e instrucciones que, en su caso, pudieran ser de aplicaci\u00f3n. El Usuario responder\u00e1 frente a <\/span><\/span><span style=\"font-family: Verdana, serif;\"><span lang=\"es-ES\">la titular de la web<\/span><\/span><span style=\"font-family: Verdana, serif;\"><span lang=\"es-ES\"> y frente a terceros de cualesquiera da\u00f1os o perjuicios que pudieran causarse por incumplimiento de estas obligaciones.<\/span><\/span><\/p><p lang=\"es-ES-u-co-trad\" align=\"justify\"><span style=\"font-family: Verdana, serif;\"><span lang=\"es-ES\"><u><b>LEGISLACION APLICABLES<\/b><\/u><\/span><\/span><\/p><p lang=\"es-ES-u-co-trad\" align=\"justify\"><span style=\"font-family: Verdana, serif;\"><span lang=\"es-ES\">El presente Aviso Legal se rige en todos y cada uno de los extremos por la Ley Espa\u00f1ola.<\/span><\/span><\/p><p lang=\"es-ES-u-co-trad\" align=\"justify\"><span style=\"font-family: Verdana, serif;\"><span lang=\"es-ES\">Las prestaciones del servicio de este sitio web, y las presentes condiciones de uso se rigen por la Ley Espa\u00f1ola. <\/span><\/span><\/p>\t\t\t\t\t\t\t\t<\/div>\n\t\t\t\t<\/div>\n\t\t\t\t\t<\/div>\n\t\t\t\t<\/div>\n\t\t<div class=\"elementor-element elementor-element-82acc0c e-flex e-con-boxed e-con e-parent\" data-id=\"82acc0c\" data-element_type=\"container\" data-e-type=\"container\">\n\t\t\t\t\t<div class=\"e-con-inner\">\n\t\t\t\t<div class=\"elementor-element elementor-element-421af82 elementor-widget elementor-widget-spacer\" data-id=\"421af82\" data-element_type=\"widget\" data-e-type=\"widget\" data-widget_type=\"spacer.default\">\n\t\t\t\t<div class=\"elementor-widget-container\">\n\t\t\t\t\t\t\t<div class=\"elementor-spacer\">\n\t\t\t<div class=\"elementor-spacer-inner\"><\/div>\n\t\t<\/div>\n\t\t\t\t\t\t<\/div>\n\t\t\t\t<\/div>\n\t\t\t\t\t<\/div>\n\t\t\t\t<\/div>\n\t\t\t\t<\/div>","protected":false},"excerpt":{"rendered":"<p>AVISO LEGAL PARA LA P\u00c1GINA WEB Al pie de la Web debe incluirse un link independiente con la r\u00fabrica \u201cAviso Legal\u201d, haciendo clic en el cual se abra una ventana de navegaci\u00f3n independiente en la que aparezca el texto que se incluye m\u00e1s abajo. Este link debe ser visible en todas las URL de la [&hellip;]<\/p>\n","protected":false},"author":1,"featured_media":0,"parent":0,"menu_order":0,"comment_status":"closed","ping_status":"closed","template":"elementor_canvas","meta":{"footnotes":""},"class_list":["post-3","page","type-page","status-publish","hentry"],"yoast_head":"<!-- This site is optimized with the Yoast SEO plugin v27.3 - https:\/\/yoast.com\/product\/yoast-seo-wordpress\/ -->\n<title>Aviso Legal - Ane Larra\u00f1aga<\/title>\n<meta name=\"robots\" content=\"index, follow, max-snippet:-1, max-image-preview:large, max-video-preview:-1\" \/>\n<link rel=\"canonical\" href=\"https:\/\/besarkatuzhazten.com\/eus\/aviso-legal\/\" \/>\n<meta property=\"og:locale\" content=\"en_US\" \/>\n<meta property=\"og:type\" content=\"article\" \/>\n<meta property=\"og:title\" content=\"Aviso Legal - Ane Larra\u00f1aga\" \/>\n<meta property=\"og:description\" content=\"AVISO LEGAL PARA LA P\u00c1GINA WEB Al pie de la Web debe incluirse un link independiente con la r\u00fabrica \u201cAviso Legal\u201d, haciendo clic en el cual se abra una ventana de navegaci\u00f3n independiente en la que aparezca el texto que se incluye m\u00e1s abajo. Este link debe ser visible en todas las URL de la [&hellip;]\" \/>\n<meta property=\"og:url\" content=\"https:\/\/besarkatuzhazten.com\/eus\/aviso-legal\/\" \/>\n<meta property=\"og:site_name\" content=\"Ane Larra\u00f1aga\" \/>\n<meta property=\"article:modified_time\" content=\"2024-04-16T11:09:51+00:00\" \/>\n<meta name=\"twitter:card\" content=\"summary_large_image\" \/>\n<meta name=\"twitter:label1\" content=\"Est. reading time\" \/>\n\t<meta name=\"twitter:data1\" content=\"6 minutua\" \/>\n<script type=\"application\/ld+json\" class=\"yoast-schema-graph\">{\"@context\":\"https:\\\/\\\/schema.org\",\"@graph\":[{\"@type\":\"WebPage\",\"@id\":\"https:\\\/\\\/besarkatuzhazten.com\\\/aviso-legal\\\/\",\"url\":\"https:\\\/\\\/besarkatuzhazten.com\\\/aviso-legal\\\/\",\"name\":\"Aviso Legal - Ane Larra\u00f1aga\",\"isPartOf\":{\"@id\":\"https:\\\/\\\/besarkatuzhazten.com\\\/#website\"},\"datePublished\":\"2024-02-19T13:54:34+00:00\",\"dateModified\":\"2024-04-16T11:09:51+00:00\",\"breadcrumb\":{\"@id\":\"https:\\\/\\\/besarkatuzhazten.com\\\/aviso-legal\\\/#breadcrumb\"},\"inLanguage\":\"eu\",\"potentialAction\":[{\"@type\":\"ReadAction\",\"target\":[\"https:\\\/\\\/besarkatuzhazten.com\\\/aviso-legal\\\/\"]}]},{\"@type\":\"BreadcrumbList\",\"@id\":\"https:\\\/\\\/besarkatuzhazten.com\\\/aviso-legal\\\/#breadcrumb\",\"itemListElement\":[{\"@type\":\"ListItem\",\"position\":1,\"name\":\"Portada\",\"item\":\"https:\\\/\\\/besarkatuzhazten.com\\\/\"},{\"@type\":\"ListItem\",\"position\":2,\"name\":\"Aviso Legal\"}]},{\"@type\":\"WebSite\",\"@id\":\"https:\\\/\\\/besarkatuzhazten.com\\\/#website\",\"url\":\"https:\\\/\\\/besarkatuzhazten.com\\\/\",\"name\":\"Ane Larra\u00f1aga\",\"description\":\"Psicolog\u00eda\",\"publisher\":{\"@id\":\"https:\\\/\\\/besarkatuzhazten.com\\\/#organization\"},\"potentialAction\":[{\"@type\":\"SearchAction\",\"target\":{\"@type\":\"EntryPoint\",\"urlTemplate\":\"https:\\\/\\\/besarkatuzhazten.com\\\/?s={search_term_string}\"},\"query-input\":{\"@type\":\"PropertyValueSpecification\",\"valueRequired\":true,\"valueName\":\"search_term_string\"}}],\"inLanguage\":\"eu\"},{\"@type\":\"Organization\",\"@id\":\"https:\\\/\\\/besarkatuzhazten.com\\\/#organization\",\"name\":\"Ane Larra\u00f1aga\",\"url\":\"https:\\\/\\\/besarkatuzhazten.com\\\/\",\"logo\":{\"@type\":\"ImageObject\",\"inLanguage\":\"eu\",\"@id\":\"https:\\\/\\\/besarkatuzhazten.com\\\/#\\\/schema\\\/logo\\\/image\\\/\",\"url\":\"https:\\\/\\\/besarkatuzhazten.com\\\/wp-content\\\/uploads\\\/2024\\\/04\\\/cropped-Logo-sem-nombre-02.png\",\"contentUrl\":\"https:\\\/\\\/besarkatuzhazten.com\\\/wp-content\\\/uploads\\\/2024\\\/04\\\/cropped-Logo-sem-nombre-02.png\",\"width\":739,\"height\":738,\"caption\":\"Ane Larra\u00f1aga\"},\"image\":{\"@id\":\"https:\\\/\\\/besarkatuzhazten.com\\\/#\\\/schema\\\/logo\\\/image\\\/\"}}]}<\/script>\n<!-- \/ Yoast SEO plugin. -->","yoast_head_json":{"title":"Aviso Legal - Ane Larra\u00f1aga","robots":{"index":"index","follow":"follow","max-snippet":"max-snippet:-1","max-image-preview":"max-image-preview:large","max-video-preview":"max-video-preview:-1"},"canonical":"https:\/\/besarkatuzhazten.com\/eus\/aviso-legal\/","og_locale":"en_US","og_type":"article","og_title":"Aviso Legal - Ane Larra\u00f1aga","og_description":"AVISO LEGAL PARA LA P\u00c1GINA WEB Al pie de la Web debe incluirse un link independiente con la r\u00fabrica \u201cAviso Legal\u201d, haciendo clic en el cual se abra una ventana de navegaci\u00f3n independiente en la que aparezca el texto que se incluye m\u00e1s abajo. Este link debe ser visible en todas las URL de la [&hellip;]","og_url":"https:\/\/besarkatuzhazten.com\/eus\/aviso-legal\/","og_site_name":"Ane Larra\u00f1aga","article_modified_time":"2024-04-16T11:09:51+00:00","twitter_card":"summary_large_image","twitter_misc":{"Est. reading time":"6 minutua"},"schema":{"@context":"https:\/\/schema.org","@graph":[{"@type":"WebPage","@id":"https:\/\/besarkatuzhazten.com\/aviso-legal\/","url":"https:\/\/besarkatuzhazten.com\/aviso-legal\/","name":"Aviso Legal - Ane Larra\u00f1aga","isPartOf":{"@id":"https:\/\/besarkatuzhazten.com\/#website"},"datePublished":"2024-02-19T13:54:34+00:00","dateModified":"2024-04-16T11:09:51+00:00","breadcrumb":{"@id":"https:\/\/besarkatuzhazten.com\/aviso-legal\/#breadcrumb"},"inLanguage":"eu","potentialAction":[{"@type":"ReadAction","target":["https:\/\/besarkatuzhazten.com\/aviso-legal\/"]}]},{"@type":"BreadcrumbList","@id":"https:\/\/besarkatuzhazten.com\/aviso-legal\/#breadcrumb","itemListElement":[{"@type":"ListItem","position":1,"name":"Portada","item":"https:\/\/besarkatuzhazten.com\/"},{"@type":"ListItem","position":2,"name":"Aviso Legal"}]},{"@type":"WebSite","@id":"https:\/\/besarkatuzhazten.com\/#website","url":"https:\/\/besarkatuzhazten.com\/","name":"Ane Larra\u00f1aga naiz,","description":"Psicolog\u00eda","publisher":{"@id":"https:\/\/besarkatuzhazten.com\/#organization"},"potentialAction":[{"@type":"SearchAction","target":{"@type":"EntryPoint","urlTemplate":"https:\/\/besarkatuzhazten.com\/?s={search_term_string}"},"query-input":{"@type":"PropertyValueSpecification","valueRequired":true,"valueName":"search_term_string"}}],"inLanguage":"eu"},{"@type":"Organization","@id":"https:\/\/besarkatuzhazten.com\/#organization","name":"Ane Larra\u00f1aga naiz,","url":"https:\/\/besarkatuzhazten.com\/","logo":{"@type":"ImageObject","inLanguage":"eu","@id":"https:\/\/besarkatuzhazten.com\/#\/schema\/logo\/image\/","url":"https:\/\/besarkatuzhazten.com\/wp-content\/uploads\/2024\/04\/cropped-Logo-sem-nombre-02.png","contentUrl":"https:\/\/besarkatuzhazten.com\/wp-content\/uploads\/2024\/04\/cropped-Logo-sem-nombre-02.png","width":739,"height":738,"caption":"Ane Larra\u00f1aga"},"image":{"@id":"https:\/\/besarkatuzhazten.com\/#\/schema\/logo\/image\/"}}]}},"_links":{"self":[{"href":"https:\/\/besarkatuzhazten.com\/eus\/wp-json\/wp\/v2\/pages\/3","targetHints":{"allow":["GET"]}}],"collection":[{"href":"https:\/\/besarkatuzhazten.com\/eus\/wp-json\/wp\/v2\/pages"}],"about":[{"href":"https:\/\/besarkatuzhazten.com\/eus\/wp-json\/wp\/v2\/types\/page"}],"author":[{"embeddable":true,"href":"https:\/\/besarkatuzhazten.com\/eus\/wp-json\/wp\/v2\/users\/1"}],"replies":[{"embeddable":true,"href":"https:\/\/besarkatuzhazten.com\/eus\/wp-json\/wp\/v2\/comments?post=3"}],"version-history":[{"count":16,"href":"https:\/\/besarkatuzhazten.com\/eus\/wp-json\/wp\/v2\/pages\/3\/revisions"}],"predecessor-version":[{"id":2042,"href":"https:\/\/besarkatuzhazten.com\/eus\/wp-json\/wp\/v2\/pages\/3\/revisions\/2042"}],"wp:attachment":[{"href":"https:\/\/besarkatuzhazten.com\/eus\/wp-json\/wp\/v2\/media?parent=3"}],"curies":[{"name":"wp","href":"https:\/\/api.w.org\/{rel}","templated":true}]}}