{"id":38,"date":"2024-03-05T15:22:21","date_gmt":"2024-03-05T15:22:21","guid":{"rendered":"https:\/\/besarkatuzhazten.rkinformatika.online\/?page_id=38"},"modified":"2024-04-16T10:55:52","modified_gmt":"2024-04-16T10:55:52","slug":"politica-de-cookies","status":"publish","type":"page","link":"https:\/\/besarkatuzhazten.com\/eus\/politica-de-cookies\/","title":{"rendered":"Kookien Politika"},"content":{"rendered":"<div data-elementor-type=\"wp-page\" data-elementor-id=\"38\" class=\"elementor elementor-38\" data-elementor-post-type=\"page\">\n\t\t\t\t<div class=\"elementor-element elementor-element-5f953715 e-flex e-con-boxed e-con e-parent\" data-id=\"5f953715\" data-element_type=\"container\" data-e-type=\"container\">\n\t\t\t\t\t<div class=\"e-con-inner\">\n\t\t\t\t<div class=\"elementor-element elementor-element-3c46268d elementor-widget elementor-widget-text-editor\" data-id=\"3c46268d\" data-element_type=\"widget\" data-e-type=\"widget\" data-widget_type=\"text-editor.default\">\n\t\t\t\t<div class=\"elementor-widget-container\">\n\t\t\t\t\t\t\t\t\t<h1 class=\"western\" lang=\"es-ES-u-co-trad\"><span style=\"color: #0563c1;\"><u><span style=\"font-family: Verdana, serif;\"><span lang=\"es-ES\"><b>POL\u00cdTICA DE COOKIES<\/b><\/span><\/span><\/u><\/span><\/h1><p class=\"western\" lang=\"es-ES-u-co-trad\" align=\"justify\"><span style=\"color: #4f81bd;\"><span style=\"font-family: Verdana, serif;\"><span lang=\"es-ES\"><b>\u00bfQu\u00e9 es una Cookie?<\/b><\/span><\/span><\/span><\/p><p class=\"western\" lang=\"es-ES-u-co-trad\" align=\"justify\"><span style=\"font-family: Verdana, serif;\"><span lang=\"es-ES\">Una Cookie es un peque\u00f1o fichero de texto que un sitio web coloca en su PC, tel\u00e9fono o cualquier otro dispositivo, con informaci\u00f3n sobre su navegaci\u00f3n en dicho sitio. Las Cookies son necesarias para facilitar la navegaci\u00f3n y hacerla m\u00e1s amigable.<\/span><\/span><\/p><p class=\"western\" lang=\"es-ES-u-co-trad\" align=\"justify\"><span style=\"font-family: Verdana, serif;\"><span lang=\"es-ES\">Si bien en la presente pol\u00edtica se utiliza el termino general de \u201cCookie\u201d, pues es el principal m\u00e9todo de almacenamiento de informaci\u00f3n que utiliza este sitio web, tambi\u00e9n es utilizado el espacio de \u201cAlmacenamiento local\u201d del navegador para los mismos prop\u00f3sitos que las Cookies. En este sentido, toda la informaci\u00f3n incluida en esta secci\u00f3n es aplicable igualmente a este \u201cAlmacenamiento local\u201d.<\/span><\/span><\/p><p class=\"western\" align=\"justify\"><br \/><br \/><\/p><p class=\"western\" lang=\"es-ES-u-co-trad\" align=\"justify\"><span style=\"color: #4f81bd;\"><span style=\"font-family: Verdana, serif;\"><span lang=\"es-ES\"><b>\u00bfQu\u00e9 tipo de cookies hay?<\/b><\/span><\/span><\/span><\/p><p class=\"western\" lang=\"es-ES-u-co-trad\"><span style=\"color: #1c2328;\"><span style=\"font-family: Verdana, serif;\"><span lang=\"es-ES\">Hay diversos tipos de cookies:<\/span><\/span><\/span><\/p><ul><li><p class=\"western\" lang=\"es-ES-u-co-trad\"><span style=\"color: #1c2328;\"><span style=\"font-family: Verdana, serif;\"><span lang=\"es-ES\">Seg\u00fan qui\u00e9n las gestione, se diferencian:<\/span><\/span><\/span><\/p><ul><li><p class=\"western\" lang=\"es-ES-u-co-trad\"><span style=\"color: #1c2328;\"><span style=\"font-family: Verdana, serif;\"><span lang=\"es-ES\"><b>Cookies propias:<\/b><\/span><\/span><\/span><span style=\"color: #1c2328;\"><span style=\"font-family: Verdana, serif;\"><span lang=\"es-ES\">\u00a0son aquellas que se env\u00edan a tu navegador desde nuestros servidores o dominios web.<\/span><\/span><\/span><\/p><\/li><li><p class=\"western\" lang=\"es-ES-u-co-trad\"><span style=\"color: #1c2328;\"><span style=\"font-family: Verdana, serif;\"><span lang=\"es-ES\"><b>Cookies de terceros:<\/b><\/span><\/span><\/span><span style=\"color: #1c2328;\"><span style=\"font-family: Verdana, serif;\"><span lang=\"es-ES\">\u00a0aquellas enviadas desde un servidor o dominio web no gestionado directamente por nosotros, sino por una tercera entidad (p.ej.: servicios de Google).<\/span><\/span><\/span><\/p><\/li><\/ul><\/li><li><p class=\"western\" lang=\"es-ES-u-co-trad\"><span style=\"color: #1c2328;\"><span style=\"font-family: Verdana, serif;\"><span lang=\"es-ES\">Seg\u00fan del tiempo que est\u00e1n activas:<\/span><\/span><\/span><\/p><ul><li><p class=\"western\" lang=\"es-ES-u-co-trad\"><span style=\"color: #1c2328;\"><span style=\"font-family: Verdana, serif;\"><span lang=\"es-ES\"><b>Cookies de sesi\u00f3n:<\/b><\/span><\/span><\/span><span style=\"color: #1c2328;\"><span style=\"font-family: Verdana, serif;\"><span lang=\"es-ES\">\u00a0permiten identificar al usuario durante la sesi\u00f3n en directo, lo que significa que son memorizadas y \u00fanicamente tienen validez el tiempo que dure una sesi\u00f3n activa, esto es, durante su visita a la web, sin que quede ninguna en tu dispositivo.<\/span><\/span><\/span><\/p><\/li><li><p class=\"western\" lang=\"es-ES-u-co-trad\"><span style=\"color: #1c2328;\"><span style=\"font-family: Verdana, serif;\"><span lang=\"es-ES\"><b>Cookies persistentes:<\/b><\/span><\/span><\/span><span style=\"color: #1c2328;\"><span style=\"font-family: Verdana, serif;\"><span lang=\"es-ES\">\u00a0permanecen en tu dispositivo y nuestra web las lee cada vez que realizas una nueva visita. Estas cookies dejan de funcionar pasada una fecha concreta.<\/span><\/span><\/span><\/p><\/li><\/ul><\/li><li><p class=\"western\" lang=\"es-ES-u-co-trad\"><span style=\"color: #1c2328;\"><span style=\"font-family: Verdana, serif;\"><span lang=\"es-ES\">Seg\u00fan su finalidad:<\/span><\/span><\/span><\/p><ul><li><p class=\"western\" lang=\"es-ES-u-co-trad\"><span style=\"color: #1c2328;\"><span style=\"font-family: Verdana, serif;\"><span lang=\"es-ES\"><b>Cookies t\u00e9cnicas:<\/b><\/span><\/span><\/span><span style=\"color: #1c2328;\"><span style=\"font-family: Verdana, serif;\"><span lang=\"es-ES\">\u00a0mejoran la navegaci\u00f3n y el buen funcionamiento de la web.<\/span><\/span><\/span><\/p><\/li><li><p class=\"western\" lang=\"es-ES-u-co-trad\"><span style=\"color: #1c2328;\"><span style=\"font-family: Verdana, serif;\"><span lang=\"es-ES\"><b>Cookies de personalizaci\u00f3n:<\/b><\/span><\/span><\/span><span style=\"color: #1c2328;\"><span style=\"font-family: Verdana, serif;\"><span lang=\"es-ES\">\u00a0permiten acceder al servicio con unas caracter\u00edsticas predefinidas en funci\u00f3n de una serie de criterios.<\/span><\/span><\/span><\/p><\/li><li><p class=\"western\" lang=\"es-ES-u-co-trad\"><span style=\"color: #1c2328;\"><span style=\"font-family: Verdana, serif;\"><span lang=\"es-ES\"><b>Cookies de an\u00e1lisis:<\/b><\/span><\/span><\/span><span style=\"color: #1c2328;\"><span style=\"font-family: Verdana, serif;\"><span lang=\"es-ES\"> permiten medir y analizar estad\u00edsticamente el uso que se hace del servicio prestado.<\/span><\/span><\/span><\/p><\/li><\/ul><\/li><\/ul><p class=\"western\" align=\"justify\"><br \/><br \/><\/p><p class=\"western\" lang=\"es-ES-u-co-trad\" align=\"justify\"><span style=\"color: #4f81bd;\"><span style=\"font-family: Verdana, serif;\"><span lang=\"es-ES\"><b>\u00bfPara qu\u00e9 se utilizan las Cookies en este sitio web?<\/b><\/span><\/span><\/span><\/p><p class=\"western\" lang=\"es-ES-u-co-trad\" align=\"justify\"><span style=\"font-family: Verdana, serif;\"><span lang=\"es-ES\">Las Cookies son una parte esencial de c\u00f3mo funciona nuestro sitio web. El objetivo principal de nuestras Cookies es mejorar su experiencia en la navegaci\u00f3n. Por ejemplo, son utilizadas para recordar sus preferencias durante la navegaci\u00f3n y en futuras visitas.<\/span><\/span><\/p><p class=\"western\" lang=\"es-ES-u-co-trad\" align=\"justify\"><span style=\"font-family: Verdana, serif;\"><span lang=\"es-ES\">La informaci\u00f3n recogida en las Cookies nos permite, adem\u00e1s, mejorar la web mediante estimaciones sobre n\u00fameros y patrones de uso, la adaptaci\u00f3n del sitio web a los intereses individuales de los usuarios, la aceleraci\u00f3n de las b\u00fasquedas, etc. <\/span><\/span><\/p><p class=\"western\" align=\"justify\"><br \/><br \/><\/p><p class=\"western\" lang=\"es-ES-u-co-trad\" align=\"justify\"><span style=\"color: #4f81bd;\"><span style=\"font-family: Verdana, serif;\"><span lang=\"es-ES\"><b>\u00bfQui\u00e9n utiliza la informaci\u00f3n almacenada en las Cookies? <\/b><\/span><\/span><\/span><\/p><p class=\"western\" lang=\"es-ES-u-co-trad\" align=\"justify\"><span style=\"font-family: Verdana, serif;\"><span lang=\"es-ES\">La informaci\u00f3n almacenada en las Cookies de nuestro sitio web es utilizada exclusivamente por nosotros, a excepci\u00f3n de aquellas identificadas m\u00e1s adelante como \u201cCookies de terceros\u201d, que son utilizadas y gestionadas por entidades externas para proporcionarnos servicios solicitados por nosotros para mejorar nuestros servicios y la experiencia del usuario al navegar en nuestro sitio web. <\/span><\/span><\/p><p class=\"western\" lang=\"es-ES-u-co-trad\" align=\"justify\"><span style=\"color: #4f81bd;\"><span style=\"font-family: Verdana, serif;\"><span lang=\"es-ES\"><b>\u00bfC\u00f3mo puedo evitar el uso de Cookies en este sitio web?<\/b><\/span><\/span><\/span><\/p><p class=\"western\" lang=\"es-ES-u-co-trad\" align=\"justify\"><span style=\"font-family: Verdana, serif;\"><span lang=\"es-ES\">Si usted prefiere evitar el uso de Cookies en esta p\u00e1gina teniendo en cuenta las limitaciones anteriores debe, en primer lugar, deshabilitar en su navegador el uso de Cookies y, en segundo lugar, eliminar las Cookies guardadas en su navegador asociadas a este sitio web.<\/span><\/span><\/p><p class=\"western\" lang=\"es-ES-u-co-trad\" align=\"justify\"><span style=\"font-family: Verdana, serif;\"><span lang=\"es-ES\">Esta posibilidad de evitar el uso de Cookies puede ser llevada a cabo por usted en cualquier momento.<\/span><\/span><\/p><p class=\"western\" lang=\"es-ES-u-co-trad\" align=\"justify\"><span style=\"color: #4f81bd;\"><span style=\"font-family: Verdana, serif;\"><span lang=\"es-ES\"><b>\u00bfC\u00f3mo modifico la Pol\u00edtica de Cookies?<\/b><\/span><\/span><\/span><\/p><p class=\"western\" lang=\"es-ES-u-co-trad\" align=\"justify\"><span style=\"font-family: Verdana, serif;\"><span lang=\"es-ES\">Puede cambiar sus preferencias en relaci\u00f3n a las cookies anal\u00edticas mediante las opciones habilitar\/deshabilitar. El Usuario puede permitir o bloquear las cookies, as\u00ed como borrar sus datos de navegaci\u00f3n (incluidas las cookies) desde el navegador que utiliza. Para ello, puede visitar las siguientes p\u00e1ginas dependiendo del navegador utilizado:<\/span><\/span><\/p><ul><li><p class=\"western\" lang=\"es-ES-u-co-trad\"><span style=\"font-family: Verdana, serif;\"><span lang=\"es-ES\">FireFox:\u00a0<a href=\"https:\/\/support.mozilla.org\/es\/kb\/Borrar%20cookies\" target=\"Modificar cookies en Firefox\">HTTPS:\/\/SUPPORT.MOZILLA.ORG\/ES\/KB\/BORRAR%20COOKIES<\/a><\/span><\/span><\/p><\/li><li><p class=\"western\" lang=\"es-ES-u-co-trad\"><span style=\"font-family: Verdana, serif;\"><span lang=\"es-ES\">Chrome:\u00a0<a href=\"https:\/\/support.google.com\/chrome\/answer\/95647?hl=es\" target=\"Modificar cookies en Chrome\">HTTPS:\/\/SUPPORT.GOOGLE.COM\/CHROME\/ANSWER\/95647?HL=ES<\/a><\/span><\/span><\/p><\/li><li><p class=\"western\" lang=\"es-ES-u-co-trad\"><span style=\"font-family: Verdana, serif;\"><span lang=\"es-ES\">Safari:\u00a0<a href=\"https:\/\/support.apple.com\/es-es\/HT201265\" target=\"Modificar cookies en Safari\">HTTPS:\/\/SUPPORT.APPLE.COM\/ES-ES\/HT201265<\/a><\/span><\/span><\/p><\/li><li><p class=\"western\" lang=\"es-ES-u-co-trad\"><span style=\"font-family: Verdana, serif;\"><span lang=\"es-ES\">Microsoft Edge:\u00a0<a href=\"https:\/\/support.microsoft.com\/es-es\/help\/4468242\/microsoft-edge-browsing-data-and-privacy-microsoft-privacy\" target=\"Modificar cookies en Microsoft Edge\">HTTPS:\/\/SUPPORT.MICROSOFT.COM\/ES-ES\/HELP\/4468242\/MICROSOFT-EDGE-BROWSING-DATA-AND-PRIVACY-MICROSOFT-PRIVACY<\/a><\/span><\/span><\/p><\/li><li><p class=\"western\" lang=\"es-ES-u-co-trad\"><span style=\"font-family: Verdana, serif;\"><span lang=\"es-ES\">Internet Explorer:\u00a0<a href=\"https:\/\/support.microsoft.com\/es-es\/help\/17438\/windows-internet-explorer-view-delete-browsing-history\" target=\"Modificar cookies en Internet Explorer\">HTTPS:\/\/SUPPORT.MICROSOFT.COM\/ES-ES\/HELP\/17438\/WINDOWS-INTERNET-EXPLORER-VIEW-DELETE-BROWSING-HISTORY<\/a><\/span><\/span><\/p><\/li><\/ul>\t\t\t\t\t\t\t\t<\/div>\n\t\t\t\t<\/div>\n\t\t\t\t\t<\/div>\n\t\t\t\t<\/div>\n\t\t<div class=\"elementor-element elementor-element-de109c6 e-flex e-con-boxed e-con e-parent\" data-id=\"de109c6\" data-element_type=\"container\" data-e-type=\"container\">\n\t\t\t\t\t<div class=\"e-con-inner\">\n\t\t\t\t<div class=\"elementor-element elementor-element-f937be2 elementor-widget elementor-widget-spacer\" data-id=\"f937be2\" data-element_type=\"widget\" data-e-type=\"widget\" data-widget_type=\"spacer.default\">\n\t\t\t\t<div class=\"elementor-widget-container\">\n\t\t\t\t\t\t\t<div class=\"elementor-spacer\">\n\t\t\t<div class=\"elementor-spacer-inner\"><\/div>\n\t\t<\/div>\n\t\t\t\t\t\t<\/div>\n\t\t\t\t<\/div>\n\t\t\t\t\t<\/div>\n\t\t\t\t<\/div>\n\t\t\t\t<\/div>","protected":false},"excerpt":{"rendered":"<p>POL\u00cdTICA DE COOKIES \u00bfQu\u00e9 es una Cookie? Una Cookie es un peque\u00f1o fichero de texto que un sitio web coloca en su PC, tel\u00e9fono o cualquier otro dispositivo, con informaci\u00f3n sobre su navegaci\u00f3n en dicho sitio. Las Cookies son necesarias para facilitar la navegaci\u00f3n y hacerla m\u00e1s amigable. Si bien en la presente pol\u00edtica se [&hellip;]<\/p>\n","protected":false},"author":1,"featured_media":0,"parent":0,"menu_order":0,"comment_status":"closed","ping_status":"closed","template":"elementor_canvas","meta":{"footnotes":""},"class_list":["post-38","page","type-page","status-publish","hentry"],"yoast_head":"<!-- This site is optimized with the Yoast SEO plugin v27.3 - https:\/\/yoast.com\/product\/yoast-seo-wordpress\/ -->\n<title>Pol\u00edtica de Cookies - Ane Larra\u00f1aga<\/title>\n<meta name=\"robots\" content=\"index, follow, max-snippet:-1, max-image-preview:large, max-video-preview:-1\" \/>\n<link rel=\"canonical\" href=\"https:\/\/besarkatuzhazten.com\/eus\/politica-de-cookies\/\" \/>\n<meta property=\"og:locale\" content=\"en_US\" \/>\n<meta property=\"og:type\" content=\"article\" \/>\n<meta property=\"og:title\" content=\"Pol\u00edtica de Cookies - Ane Larra\u00f1aga\" \/>\n<meta property=\"og:description\" content=\"POL\u00cdTICA DE COOKIES \u00bfQu\u00e9 es una Cookie? Una Cookie es un peque\u00f1o fichero de texto que un sitio web coloca en su PC, tel\u00e9fono o cualquier otro dispositivo, con informaci\u00f3n sobre su navegaci\u00f3n en dicho sitio. Las Cookies son necesarias para facilitar la navegaci\u00f3n y hacerla m\u00e1s amigable. Si bien en la presente pol\u00edtica se [&hellip;]\" \/>\n<meta property=\"og:url\" content=\"https:\/\/besarkatuzhazten.com\/eus\/politica-de-cookies\/\" \/>\n<meta property=\"og:site_name\" content=\"Ane Larra\u00f1aga\" \/>\n<meta property=\"article:modified_time\" content=\"2024-04-16T10:55:52+00:00\" \/>\n<meta name=\"twitter:card\" content=\"summary_large_image\" \/>\n<meta name=\"twitter:label1\" content=\"Est. reading time\" \/>\n\t<meta name=\"twitter:data1\" content=\"3 minutua\" \/>\n<script type=\"application\/ld+json\" class=\"yoast-schema-graph\">{\"@context\":\"https:\\\/\\\/schema.org\",\"@graph\":[{\"@type\":\"WebPage\",\"@id\":\"https:\\\/\\\/besarkatuzhazten.com\\\/politica-de-cookies\\\/\",\"url\":\"https:\\\/\\\/besarkatuzhazten.com\\\/politica-de-cookies\\\/\",\"name\":\"Pol\u00edtica de Cookies - Ane Larra\u00f1aga\",\"isPartOf\":{\"@id\":\"https:\\\/\\\/besarkatuzhazten.com\\\/#website\"},\"datePublished\":\"2024-03-05T15:22:21+00:00\",\"dateModified\":\"2024-04-16T10:55:52+00:00\",\"breadcrumb\":{\"@id\":\"https:\\\/\\\/besarkatuzhazten.com\\\/politica-de-cookies\\\/#breadcrumb\"},\"inLanguage\":\"eu\",\"potentialAction\":[{\"@type\":\"ReadAction\",\"target\":[\"https:\\\/\\\/besarkatuzhazten.com\\\/politica-de-cookies\\\/\"]}]},{\"@type\":\"BreadcrumbList\",\"@id\":\"https:\\\/\\\/besarkatuzhazten.com\\\/politica-de-cookies\\\/#breadcrumb\",\"itemListElement\":[{\"@type\":\"ListItem\",\"position\":1,\"name\":\"Portada\",\"item\":\"https:\\\/\\\/besarkatuzhazten.com\\\/\"},{\"@type\":\"ListItem\",\"position\":2,\"name\":\"Pol\u00edtica de Cookies\"}]},{\"@type\":\"WebSite\",\"@id\":\"https:\\\/\\\/besarkatuzhazten.com\\\/#website\",\"url\":\"https:\\\/\\\/besarkatuzhazten.com\\\/\",\"name\":\"Ane Larra\u00f1aga\",\"description\":\"Psicolog\u00eda\",\"publisher\":{\"@id\":\"https:\\\/\\\/besarkatuzhazten.com\\\/#organization\"},\"potentialAction\":[{\"@type\":\"SearchAction\",\"target\":{\"@type\":\"EntryPoint\",\"urlTemplate\":\"https:\\\/\\\/besarkatuzhazten.com\\\/?s={search_term_string}\"},\"query-input\":{\"@type\":\"PropertyValueSpecification\",\"valueRequired\":true,\"valueName\":\"search_term_string\"}}],\"inLanguage\":\"eu\"},{\"@type\":\"Organization\",\"@id\":\"https:\\\/\\\/besarkatuzhazten.com\\\/#organization\",\"name\":\"Ane Larra\u00f1aga\",\"url\":\"https:\\\/\\\/besarkatuzhazten.com\\\/\",\"logo\":{\"@type\":\"ImageObject\",\"inLanguage\":\"eu\",\"@id\":\"https:\\\/\\\/besarkatuzhazten.com\\\/#\\\/schema\\\/logo\\\/image\\\/\",\"url\":\"https:\\\/\\\/besarkatuzhazten.com\\\/wp-content\\\/uploads\\\/2024\\\/04\\\/cropped-Logo-sem-nombre-02.png\",\"contentUrl\":\"https:\\\/\\\/besarkatuzhazten.com\\\/wp-content\\\/uploads\\\/2024\\\/04\\\/cropped-Logo-sem-nombre-02.png\",\"width\":739,\"height\":738,\"caption\":\"Ane Larra\u00f1aga\"},\"image\":{\"@id\":\"https:\\\/\\\/besarkatuzhazten.com\\\/#\\\/schema\\\/logo\\\/image\\\/\"}}]}<\/script>\n<!-- \/ Yoast SEO plugin. -->","yoast_head_json":{"title":"Pol\u00edtica de Cookies - Ane Larra\u00f1aga","robots":{"index":"index","follow":"follow","max-snippet":"max-snippet:-1","max-image-preview":"max-image-preview:large","max-video-preview":"max-video-preview:-1"},"canonical":"https:\/\/besarkatuzhazten.com\/eus\/politica-de-cookies\/","og_locale":"en_US","og_type":"article","og_title":"Pol\u00edtica de Cookies - Ane Larra\u00f1aga","og_description":"POL\u00cdTICA DE COOKIES \u00bfQu\u00e9 es una Cookie? Una Cookie es un peque\u00f1o fichero de texto que un sitio web coloca en su PC, tel\u00e9fono o cualquier otro dispositivo, con informaci\u00f3n sobre su navegaci\u00f3n en dicho sitio. Las Cookies son necesarias para facilitar la navegaci\u00f3n y hacerla m\u00e1s amigable. Si bien en la presente pol\u00edtica se [&hellip;]","og_url":"https:\/\/besarkatuzhazten.com\/eus\/politica-de-cookies\/","og_site_name":"Ane Larra\u00f1aga","article_modified_time":"2024-04-16T10:55:52+00:00","twitter_card":"summary_large_image","twitter_misc":{"Est. reading time":"3 minutua"},"schema":{"@context":"https:\/\/schema.org","@graph":[{"@type":"WebPage","@id":"https:\/\/besarkatuzhazten.com\/politica-de-cookies\/","url":"https:\/\/besarkatuzhazten.com\/politica-de-cookies\/","name":"Pol\u00edtica de Cookies - Ane Larra\u00f1aga","isPartOf":{"@id":"https:\/\/besarkatuzhazten.com\/#website"},"datePublished":"2024-03-05T15:22:21+00:00","dateModified":"2024-04-16T10:55:52+00:00","breadcrumb":{"@id":"https:\/\/besarkatuzhazten.com\/politica-de-cookies\/#breadcrumb"},"inLanguage":"eu","potentialAction":[{"@type":"ReadAction","target":["https:\/\/besarkatuzhazten.com\/politica-de-cookies\/"]}]},{"@type":"BreadcrumbList","@id":"https:\/\/besarkatuzhazten.com\/politica-de-cookies\/#breadcrumb","itemListElement":[{"@type":"ListItem","position":1,"name":"Portada","item":"https:\/\/besarkatuzhazten.com\/"},{"@type":"ListItem","position":2,"name":"Pol\u00edtica de Cookies"}]},{"@type":"WebSite","@id":"https:\/\/besarkatuzhazten.com\/#website","url":"https:\/\/besarkatuzhazten.com\/","name":"Ane Larra\u00f1aga naiz,","description":"Psicolog\u00eda","publisher":{"@id":"https:\/\/besarkatuzhazten.com\/#organization"},"potentialAction":[{"@type":"SearchAction","target":{"@type":"EntryPoint","urlTemplate":"https:\/\/besarkatuzhazten.com\/?s={search_term_string}"},"query-input":{"@type":"PropertyValueSpecification","valueRequired":true,"valueName":"search_term_string"}}],"inLanguage":"eu"},{"@type":"Organization","@id":"https:\/\/besarkatuzhazten.com\/#organization","name":"Ane Larra\u00f1aga naiz,","url":"https:\/\/besarkatuzhazten.com\/","logo":{"@type":"ImageObject","inLanguage":"eu","@id":"https:\/\/besarkatuzhazten.com\/#\/schema\/logo\/image\/","url":"https:\/\/besarkatuzhazten.com\/wp-content\/uploads\/2024\/04\/cropped-Logo-sem-nombre-02.png","contentUrl":"https:\/\/besarkatuzhazten.com\/wp-content\/uploads\/2024\/04\/cropped-Logo-sem-nombre-02.png","width":739,"height":738,"caption":"Ane Larra\u00f1aga"},"image":{"@id":"https:\/\/besarkatuzhazten.com\/#\/schema\/logo\/image\/"}}]}},"_links":{"self":[{"href":"https:\/\/besarkatuzhazten.com\/eus\/wp-json\/wp\/v2\/pages\/38","targetHints":{"allow":["GET"]}}],"collection":[{"href":"https:\/\/besarkatuzhazten.com\/eus\/wp-json\/wp\/v2\/pages"}],"about":[{"href":"https:\/\/besarkatuzhazten.com\/eus\/wp-json\/wp\/v2\/types\/page"}],"author":[{"embeddable":true,"href":"https:\/\/besarkatuzhazten.com\/eus\/wp-json\/wp\/v2\/users\/1"}],"replies":[{"embeddable":true,"href":"https:\/\/besarkatuzhazten.com\/eus\/wp-json\/wp\/v2\/comments?post=38"}],"version-history":[{"count":13,"href":"https:\/\/besarkatuzhazten.com\/eus\/wp-json\/wp\/v2\/pages\/38\/revisions"}],"predecessor-version":[{"id":2031,"href":"https:\/\/besarkatuzhazten.com\/eus\/wp-json\/wp\/v2\/pages\/38\/revisions\/2031"}],"wp:attachment":[{"href":"https:\/\/besarkatuzhazten.com\/eus\/wp-json\/wp\/v2\/media?parent=38"}],"curies":[{"name":"wp","href":"https:\/\/api.w.org\/{rel}","templated":true}]}}